{"id":8307,"date":"2023-07-26T15:20:30","date_gmt":"2023-07-26T13:20:30","guid":{"rendered":"https:\/\/wwwww.blumi.photo\/?post_type=product&#038;p=8307"},"modified":"2024-02-07T16:11:39","modified_gmt":"2024-02-07T15:11:39","slug":"poukazka-newborn-canvas","status":"publish","type":"product","link":"https:\/\/blumi.photo\/sk\/produkt\/poukazka-newborn-canvas\/","title":{"rendered":"Pouk\u00e1\u017eka &#8211; Newborn fotoobraz"},"content":{"rendered":"<div class=\"decor-heading\">\n<h3>Jedine\u010dn\u00e1 spomienka k narodeniu v\u00e1\u0161ho mal\u00e9ho pokladu na pl\u00e1tne<\/h3>\n<\/div>\n<div class=\"decor-caption\">Pouk\u00e1\u017eka na obraz s fotografiou v\u00e1\u0161ho b\u00e1b\u00e4tka vytla\u010d\u00edme na pl\u00e1tno 40&#215;60 cm, ktor\u00e9 napneme na dreven\u00fd r\u00e1m.<br \/>\nDo obrazu si m\u00f4\u017eete v na\u0161om online smart editore prida\u0165 okrem fotografie a mena aj d\u00f4le\u017eit\u00e9 \u00fadaje ako d\u00e1tum narodenia, v\u00fd\u0161ka a v\u00e1ha b\u00e1b\u00e4tka.<\/div>\n<div>Vybera\u0165 si m\u00f4\u017eete z mno\u017estva pripraven\u00fdch dizajnov.<\/div>\n","protected":false},"excerpt":{"rendered":"<p><img decoding=\"async\" src=\"https:\/\/editor.picted.it\/img\/cms\/landingpage\/ICO\/images.png\" alt=\"\" \/>\u00a0<b>Fotoobraz na maliarskom pl\u00e1tne s dizajnom pre novorodeniatka<\/b><br \/>\n<img decoding=\"async\" src=\"https:\/\/editor.picted.it\/img\/cms\/landingpage\/ICO\/images.png\" alt=\"\" \/>\u00a0<strong>Po\u010det fotiek na obraze<\/strong>: 1-4 fotky pod\u013ea dizajnu<br \/>\n<img decoding=\"async\" src=\"https:\/\/editor.picted.it\/img\/cms\/landingpage\/ICO\/ruler.png\" alt=\"\" \/>\u00a0<strong>Rozmery obrazu<\/strong>: 40&#215;60 cm<br \/>\n<img decoding=\"async\" src=\"https:\/\/editor.picted.it\/img\/cms\/landingpage\/ICO\/printer-alt.png\" alt=\"\" \/>\u00a0<strong>Tla\u010d<\/strong> na maliarske pl\u00e1tno napnut\u00e9 na drevenom r\u00e1me<br \/>\n<img decoding=\"async\" src=\"https:\/\/editor.picted.it\/img\/cms\/landingpage\/ICO\/blumi-truck.png\" alt=\"\" \/>\u00a0<strong>Doru\u010denie<\/strong>: v\u00fdroba 7 pracovn\u00fdch dn\u00ed + 1-2 dni doru\u010denie<\/p>\n","protected":false},"featured_media":9313,"comment_status":"open","ping_status":"closed","template":"","meta":{"_et_pb_use_builder":"","_et_pb_old_content":"","_et_gb_content_width":""},"product_brand":[],"product_cat":[167],"product_tag":[],"class_list":{"0":"post-8307","1":"product","2":"type-product","3":"status-publish","4":"has-post-thumbnail","6":"product_cat-fotoobraz-na-platne","8":"first","9":"instock","10":"sale","11":"downloadable","12":"virtual","13":"taxable","14":"purchasable","15":"product-type-simple"},"yoast_head":"<!-- This site is optimized with the Yoast SEO plugin v27.0 - https:\/\/yoast.com\/product\/yoast-seo-wordpress\/ -->\n<title>Pouk\u00e1\u017eka - Newborn fotoobraz - blumi.photo<\/title>\n<meta name=\"robots\" content=\"index, follow, max-snippet:-1, max-image-preview:large, max-video-preview:-1\" \/>\n<link rel=\"canonical\" href=\"https:\/\/blumi.photo\/sk\/produkt\/poukazka-newborn-canvas\/\" \/>\n<meta property=\"og:locale\" content=\"sk_SK\" \/>\n<meta property=\"og:type\" content=\"article\" \/>\n<meta property=\"og:title\" content=\"Pouk\u00e1\u017eka - Newborn fotoobraz - blumi.photo\" \/>\n<meta property=\"og:description\" content=\"\u00a0Fotoobraz na maliarskom pl\u00e1tne s dizajnom pre novorodeniatka \u00a0Po\u010det fotiek na obraze: 1-4 fotky pod\u013ea dizajnu \u00a0Rozmery obrazu: 40x60 cm \u00a0Tla\u010d na maliarske pl\u00e1tno napnut\u00e9 na drevenom r\u00e1me \u00a0Doru\u010denie: v\u00fdroba 7 pracovn\u00fdch dn\u00ed + 1-2 dni doru\u010denie\" \/>\n<meta property=\"og:url\" content=\"https:\/\/blumi.photo\/sk\/produkt\/poukazka-newborn-canvas\/\" \/>\n<meta property=\"og:site_name\" content=\"blumi.photo\" \/>\n<meta property=\"article:modified_time\" content=\"2024-02-07T15:11:39+00:00\" \/>\n<meta property=\"og:image\" content=\"https:\/\/blumi.photo\/wp-content\/uploads\/2023\/07\/Newborn-Canvas-product-voucher.png\" \/>\n\t<meta property=\"og:image:width\" content=\"400\" \/>\n\t<meta property=\"og:image:height\" content=\"300\" \/>\n\t<meta property=\"og:image:type\" content=\"image\/png\" \/>\n<meta name=\"twitter:card\" content=\"summary_large_image\" \/>\n<meta name=\"twitter:label1\" content=\"Predpokladan\u00fd \u010das \u010d\u00edtania\" \/>\n\t<meta name=\"twitter:data1\" content=\"2 min\u00faty\" \/>\n<script type=\"application\/ld+json\" class=\"yoast-schema-graph\">{\"@context\":\"https:\/\/schema.org\",\"@graph\":[{\"@type\":\"WebPage\",\"@id\":\"https:\/\/blumi.photo\/sk\/produkt\/poukazka-newborn-canvas\/\",\"url\":\"https:\/\/blumi.photo\/sk\/produkt\/poukazka-newborn-canvas\/\",\"name\":\"Pouk\u00e1\u017eka - Newborn fotoobraz - blumi.photo\",\"isPartOf\":{\"@id\":\"https:\/\/blumi.photo\/sk\/#website\"},\"primaryImageOfPage\":{\"@id\":\"https:\/\/blumi.photo\/sk\/produkt\/poukazka-newborn-canvas\/#primaryimage\"},\"image\":{\"@id\":\"https:\/\/blumi.photo\/sk\/produkt\/poukazka-newborn-canvas\/#primaryimage\"},\"thumbnailUrl\":\"https:\/\/blumi.photo\/wp-content\/uploads\/2023\/07\/Newborn-Canvas-product-voucher.png\",\"datePublished\":\"2023-07-26T13:20:30+00:00\",\"dateModified\":\"2024-02-07T15:11:39+00:00\",\"breadcrumb\":{\"@id\":\"https:\/\/blumi.photo\/sk\/produkt\/poukazka-newborn-canvas\/#breadcrumb\"},\"inLanguage\":\"sk-SK\",\"potentialAction\":[{\"@type\":\"ReadAction\",\"target\":[\"https:\/\/blumi.photo\/sk\/produkt\/poukazka-newborn-canvas\/\"]}]},{\"@type\":\"ImageObject\",\"inLanguage\":\"sk-SK\",\"@id\":\"https:\/\/blumi.photo\/sk\/produkt\/poukazka-newborn-canvas\/#primaryimage\",\"url\":\"https:\/\/blumi.photo\/wp-content\/uploads\/2023\/07\/Newborn-Canvas-product-voucher.png\",\"contentUrl\":\"https:\/\/blumi.photo\/wp-content\/uploads\/2023\/07\/Newborn-Canvas-product-voucher.png\",\"width\":400,\"height\":300},{\"@type\":\"BreadcrumbList\",\"@id\":\"https:\/\/blumi.photo\/sk\/produkt\/poukazka-newborn-canvas\/#breadcrumb\",\"itemListElement\":[{\"@type\":\"ListItem\",\"position\":1,\"name\":\"Home\",\"item\":\"https:\/\/blumi.photo\/sk\/\"},{\"@type\":\"ListItem\",\"position\":2,\"name\":\"Shop\",\"item\":\"https:\/\/blumi.photo\/sk\/obchod\/\"},{\"@type\":\"ListItem\",\"position\":3,\"name\":\"Pouk\u00e1\u017eka &#8211; Newborn fotoobraz\"}]},{\"@type\":\"WebSite\",\"@id\":\"https:\/\/blumi.photo\/sk\/#website\",\"url\":\"https:\/\/blumi.photo\/sk\/\",\"name\":\"blumi.photo\",\"description\":\"Photobook | Canvas | Photocalendar\",\"publisher\":{\"@id\":\"https:\/\/blumi.photo\/sk\/#organization\"},\"potentialAction\":[{\"@type\":\"SearchAction\",\"target\":{\"@type\":\"EntryPoint\",\"urlTemplate\":\"https:\/\/blumi.photo\/sk\/?s={search_term_string}\"},\"query-input\":{\"@type\":\"PropertyValueSpecification\",\"valueRequired\":true,\"valueName\":\"search_term_string\"}}],\"inLanguage\":\"sk-SK\"},{\"@type\":\"Organization\",\"@id\":\"https:\/\/blumi.photo\/sk\/#organization\",\"name\":\"blumi.photo\",\"url\":\"https:\/\/blumi.photo\/sk\/\",\"logo\":{\"@type\":\"ImageObject\",\"inLanguage\":\"sk-SK\",\"@id\":\"https:\/\/blumi.photo\/sk\/#\/schema\/logo\/image\/\",\"url\":\"https:\/\/wwwww.blumi.photo\/wp-content\/uploads\/2023\/07\/Blumi_logo2.png\",\"contentUrl\":\"https:\/\/wwwww.blumi.photo\/wp-content\/uploads\/2023\/07\/Blumi_logo2.png\",\"width\":374,\"height\":144,\"caption\":\"blumi.photo\"},\"image\":{\"@id\":\"https:\/\/blumi.photo\/sk\/#\/schema\/logo\/image\/\"}}]}<\/script>\n<!-- \/ Yoast SEO plugin. -->","yoast_head_json":{"title":"Pouk\u00e1\u017eka - Newborn fotoobraz - blumi.photo","robots":{"index":"index","follow":"follow","max-snippet":"max-snippet:-1","max-image-preview":"max-image-preview:large","max-video-preview":"max-video-preview:-1"},"canonical":"https:\/\/blumi.photo\/sk\/produkt\/poukazka-newborn-canvas\/","og_locale":"sk_SK","og_type":"article","og_title":"Pouk\u00e1\u017eka - Newborn fotoobraz - blumi.photo","og_description":"\u00a0Fotoobraz na maliarskom pl\u00e1tne s dizajnom pre novorodeniatka \u00a0Po\u010det fotiek na obraze: 1-4 fotky pod\u013ea dizajnu \u00a0Rozmery obrazu: 40x60 cm \u00a0Tla\u010d na maliarske pl\u00e1tno napnut\u00e9 na drevenom r\u00e1me \u00a0Doru\u010denie: v\u00fdroba 7 pracovn\u00fdch dn\u00ed + 1-2 dni doru\u010denie","og_url":"https:\/\/blumi.photo\/sk\/produkt\/poukazka-newborn-canvas\/","og_site_name":"blumi.photo","article_modified_time":"2024-02-07T15:11:39+00:00","og_image":[{"width":400,"height":300,"url":"https:\/\/blumi.photo\/wp-content\/uploads\/2023\/07\/Newborn-Canvas-product-voucher.png","type":"image\/png"}],"twitter_card":"summary_large_image","twitter_misc":{"Predpokladan\u00fd \u010das \u010d\u00edtania":"2 min\u00faty"},"schema":{"@context":"https:\/\/schema.org","@graph":[{"@type":"WebPage","@id":"https:\/\/blumi.photo\/sk\/produkt\/poukazka-newborn-canvas\/","url":"https:\/\/blumi.photo\/sk\/produkt\/poukazka-newborn-canvas\/","name":"Pouk\u00e1\u017eka - Newborn fotoobraz - blumi.photo","isPartOf":{"@id":"https:\/\/blumi.photo\/sk\/#website"},"primaryImageOfPage":{"@id":"https:\/\/blumi.photo\/sk\/produkt\/poukazka-newborn-canvas\/#primaryimage"},"image":{"@id":"https:\/\/blumi.photo\/sk\/produkt\/poukazka-newborn-canvas\/#primaryimage"},"thumbnailUrl":"https:\/\/blumi.photo\/wp-content\/uploads\/2023\/07\/Newborn-Canvas-product-voucher.png","datePublished":"2023-07-26T13:20:30+00:00","dateModified":"2024-02-07T15:11:39+00:00","breadcrumb":{"@id":"https:\/\/blumi.photo\/sk\/produkt\/poukazka-newborn-canvas\/#breadcrumb"},"inLanguage":"sk-SK","potentialAction":[{"@type":"ReadAction","target":["https:\/\/blumi.photo\/sk\/produkt\/poukazka-newborn-canvas\/"]}]},{"@type":"ImageObject","inLanguage":"sk-SK","@id":"https:\/\/blumi.photo\/sk\/produkt\/poukazka-newborn-canvas\/#primaryimage","url":"https:\/\/blumi.photo\/wp-content\/uploads\/2023\/07\/Newborn-Canvas-product-voucher.png","contentUrl":"https:\/\/blumi.photo\/wp-content\/uploads\/2023\/07\/Newborn-Canvas-product-voucher.png","width":400,"height":300},{"@type":"BreadcrumbList","@id":"https:\/\/blumi.photo\/sk\/produkt\/poukazka-newborn-canvas\/#breadcrumb","itemListElement":[{"@type":"ListItem","position":1,"name":"Home","item":"https:\/\/blumi.photo\/sk\/"},{"@type":"ListItem","position":2,"name":"Shop","item":"https:\/\/blumi.photo\/sk\/obchod\/"},{"@type":"ListItem","position":3,"name":"Pouk\u00e1\u017eka &#8211; Newborn fotoobraz"}]},{"@type":"WebSite","@id":"https:\/\/blumi.photo\/sk\/#website","url":"https:\/\/blumi.photo\/sk\/","name":"blumi.photo","description":"Photobook | Canvas | Photocalendar","publisher":{"@id":"https:\/\/blumi.photo\/sk\/#organization"},"potentialAction":[{"@type":"SearchAction","target":{"@type":"EntryPoint","urlTemplate":"https:\/\/blumi.photo\/sk\/?s={search_term_string}"},"query-input":{"@type":"PropertyValueSpecification","valueRequired":true,"valueName":"search_term_string"}}],"inLanguage":"sk-SK"},{"@type":"Organization","@id":"https:\/\/blumi.photo\/sk\/#organization","name":"blumi.photo","url":"https:\/\/blumi.photo\/sk\/","logo":{"@type":"ImageObject","inLanguage":"sk-SK","@id":"https:\/\/blumi.photo\/sk\/#\/schema\/logo\/image\/","url":"https:\/\/wwwww.blumi.photo\/wp-content\/uploads\/2023\/07\/Blumi_logo2.png","contentUrl":"https:\/\/wwwww.blumi.photo\/wp-content\/uploads\/2023\/07\/Blumi_logo2.png","width":374,"height":144,"caption":"blumi.photo"},"image":{"@id":"https:\/\/blumi.photo\/sk\/#\/schema\/logo\/image\/"}}]}},"_links":{"self":[{"href":"https:\/\/blumi.photo\/sk\/wp-json\/wp\/v2\/product\/8307","targetHints":{"allow":["GET"]}}],"collection":[{"href":"https:\/\/blumi.photo\/sk\/wp-json\/wp\/v2\/product"}],"about":[{"href":"https:\/\/blumi.photo\/sk\/wp-json\/wp\/v2\/types\/product"}],"replies":[{"embeddable":true,"href":"https:\/\/blumi.photo\/sk\/wp-json\/wp\/v2\/comments?post=8307"}],"wp:featuredmedia":[{"embeddable":true,"href":"https:\/\/blumi.photo\/sk\/wp-json\/wp\/v2\/media\/9313"}],"wp:attachment":[{"href":"https:\/\/blumi.photo\/sk\/wp-json\/wp\/v2\/media?parent=8307"}],"wp:term":[{"taxonomy":"product_brand","embeddable":true,"href":"https:\/\/blumi.photo\/sk\/wp-json\/wp\/v2\/product_brand?post=8307"},{"taxonomy":"product_cat","embeddable":true,"href":"https:\/\/blumi.photo\/sk\/wp-json\/wp\/v2\/product_cat?post=8307"},{"taxonomy":"product_tag","embeddable":true,"href":"https:\/\/blumi.photo\/sk\/wp-json\/wp\/v2\/product_tag?post=8307"}],"curies":[{"name":"wp","href":"https:\/\/api.w.org\/{rel}","templated":true}]}}