{"id":7617,"date":"2023-07-19T10:52:54","date_gmt":"2023-07-19T08:52:54","guid":{"rendered":"https:\/\/wwwww.blumi.photo\/?post_type=product&#038;p=7617"},"modified":"2025-02-20T17:31:39","modified_gmt":"2025-02-20T16:31:39","slug":"poukazka-fotoobraz-na-platne","status":"publish","type":"product","link":"https:\/\/blumi.photo\/sk\/produkt\/poukazka-fotoobraz-na-platne\/","title":{"rendered":"Pouk\u00e1\u017eka &#8211; Fotoobraz na pl\u00e1tne"},"content":{"rendered":"<p>Va\u0161e fotografie vytla\u010d\u00edme na pl\u00e1tno, ktor\u00e9 napneme na dreven\u00fd r\u00e1m. Va\u0161e fotografie bud\u00fa vyzera\u0165 ako klasick\u00e9 obrazy.<\/p>\n","protected":false},"excerpt":{"rendered":"<p><strong>Po\u010det fotiek:<\/strong> jedna fotografia<br \/>\n<strong>\u010cas tvorenia:<\/strong> cca 5-10 min\u00fat<br \/>\n<strong>Tla\u010d<\/strong> na maliarske pl\u00e1tno, napnut\u00e9 na drevenom r\u00e1me<br \/>\n<strong>Dodacia doba:<\/strong> v\u00fdroba 7 prac.ovn\u00fdch dn\u00ed + 1-2 dni doprava<\/p>\n","protected":false},"featured_media":2054,"comment_status":"open","ping_status":"closed","template":"","meta":{"_et_pb_use_builder":"","_et_pb_old_content":"","_et_gb_content_width":""},"product_brand":[],"product_cat":[167],"product_tag":[],"class_list":{"0":"post-7617","1":"product","2":"type-product","3":"status-publish","4":"has-post-thumbnail","6":"product_cat-fotoobraz-na-platne","8":"first","9":"outofstock","10":"sale","11":"taxable","12":"shipping-taxable","13":"purchasable","14":"product-type-variable","15":"has-default-attributes"},"yoast_head":"<!-- This site is optimized with the Yoast SEO plugin v27.0 - https:\/\/yoast.com\/product\/yoast-seo-wordpress\/ -->\n<title>Pouk\u00e1\u017eka - Fotoobraz na pl\u00e1tne - blumi.photo<\/title>\n<meta name=\"robots\" content=\"index, follow, max-snippet:-1, max-image-preview:large, max-video-preview:-1\" \/>\n<link rel=\"canonical\" href=\"https:\/\/blumi.photo\/sk\/produkt\/poukazka-fotoobraz-na-platne\/\" \/>\n<meta property=\"og:locale\" content=\"sk_SK\" \/>\n<meta property=\"og:type\" content=\"article\" \/>\n<meta property=\"og:title\" content=\"Pouk\u00e1\u017eka - Fotoobraz na pl\u00e1tne - blumi.photo\" \/>\n<meta property=\"og:description\" content=\"Po\u010det fotiek: jedna fotografia \u010cas tvorenia: cca 5-10 min\u00fat Tla\u010d na maliarske pl\u00e1tno, napnut\u00e9 na drevenom r\u00e1me Dodacia doba: v\u00fdroba 7 prac.ovn\u00fdch dn\u00ed + 1-2 dni doprava\" \/>\n<meta property=\"og:url\" content=\"https:\/\/blumi.photo\/sk\/produkt\/poukazka-fotoobraz-na-platne\/\" \/>\n<meta property=\"og:site_name\" content=\"blumi.photo\" \/>\n<meta property=\"article:modified_time\" content=\"2025-02-20T16:31:39+00:00\" \/>\n<meta property=\"og:image\" content=\"https:\/\/blumi.photo\/wp-content\/uploads\/2023\/07\/Canvas-single-photo.jpg\" \/>\n\t<meta property=\"og:image:width\" content=\"888\" \/>\n\t<meta property=\"og:image:height\" content=\"887\" \/>\n\t<meta property=\"og:image:type\" content=\"image\/jpeg\" \/>\n<meta name=\"twitter:card\" content=\"summary_large_image\" \/>\n<meta name=\"twitter:label1\" content=\"Predpokladan\u00fd \u010das \u010d\u00edtania\" \/>\n\t<meta name=\"twitter:data1\" content=\"1 min\u00fata\" \/>\n<script type=\"application\/ld+json\" class=\"yoast-schema-graph\">{\"@context\":\"https:\/\/schema.org\",\"@graph\":[{\"@type\":\"WebPage\",\"@id\":\"https:\/\/blumi.photo\/sk\/produkt\/poukazka-fotoobraz-na-platne\/\",\"url\":\"https:\/\/blumi.photo\/sk\/produkt\/poukazka-fotoobraz-na-platne\/\",\"name\":\"Pouk\u00e1\u017eka - Fotoobraz na pl\u00e1tne - blumi.photo\",\"isPartOf\":{\"@id\":\"https:\/\/blumi.photo\/sk\/#website\"},\"primaryImageOfPage\":{\"@id\":\"https:\/\/blumi.photo\/sk\/produkt\/poukazka-fotoobraz-na-platne\/#primaryimage\"},\"image\":{\"@id\":\"https:\/\/blumi.photo\/sk\/produkt\/poukazka-fotoobraz-na-platne\/#primaryimage\"},\"thumbnailUrl\":\"https:\/\/blumi.photo\/wp-content\/uploads\/2023\/07\/Canvas-single-photo.jpg\",\"datePublished\":\"2023-07-19T08:52:54+00:00\",\"dateModified\":\"2025-02-20T16:31:39+00:00\",\"breadcrumb\":{\"@id\":\"https:\/\/blumi.photo\/sk\/produkt\/poukazka-fotoobraz-na-platne\/#breadcrumb\"},\"inLanguage\":\"sk-SK\",\"potentialAction\":[{\"@type\":\"ReadAction\",\"target\":[\"https:\/\/blumi.photo\/sk\/produkt\/poukazka-fotoobraz-na-platne\/\"]}]},{\"@type\":\"ImageObject\",\"inLanguage\":\"sk-SK\",\"@id\":\"https:\/\/blumi.photo\/sk\/produkt\/poukazka-fotoobraz-na-platne\/#primaryimage\",\"url\":\"https:\/\/blumi.photo\/wp-content\/uploads\/2023\/07\/Canvas-single-photo.jpg\",\"contentUrl\":\"https:\/\/blumi.photo\/wp-content\/uploads\/2023\/07\/Canvas-single-photo.jpg\",\"width\":888,\"height\":887},{\"@type\":\"BreadcrumbList\",\"@id\":\"https:\/\/blumi.photo\/sk\/produkt\/poukazka-fotoobraz-na-platne\/#breadcrumb\",\"itemListElement\":[{\"@type\":\"ListItem\",\"position\":1,\"name\":\"Home\",\"item\":\"https:\/\/blumi.photo\/sk\/\"},{\"@type\":\"ListItem\",\"position\":2,\"name\":\"Shop\",\"item\":\"https:\/\/blumi.photo\/sk\/obchod\/\"},{\"@type\":\"ListItem\",\"position\":3,\"name\":\"Pouk\u00e1\u017eka &#8211; Fotoobraz na pl\u00e1tne\"}]},{\"@type\":\"WebSite\",\"@id\":\"https:\/\/blumi.photo\/sk\/#website\",\"url\":\"https:\/\/blumi.photo\/sk\/\",\"name\":\"blumi.photo\",\"description\":\"Photobook | Canvas | Photocalendar\",\"publisher\":{\"@id\":\"https:\/\/blumi.photo\/sk\/#organization\"},\"potentialAction\":[{\"@type\":\"SearchAction\",\"target\":{\"@type\":\"EntryPoint\",\"urlTemplate\":\"https:\/\/blumi.photo\/sk\/?s={search_term_string}\"},\"query-input\":{\"@type\":\"PropertyValueSpecification\",\"valueRequired\":true,\"valueName\":\"search_term_string\"}}],\"inLanguage\":\"sk-SK\"},{\"@type\":\"Organization\",\"@id\":\"https:\/\/blumi.photo\/sk\/#organization\",\"name\":\"blumi.photo\",\"url\":\"https:\/\/blumi.photo\/sk\/\",\"logo\":{\"@type\":\"ImageObject\",\"inLanguage\":\"sk-SK\",\"@id\":\"https:\/\/blumi.photo\/sk\/#\/schema\/logo\/image\/\",\"url\":\"https:\/\/wwwww.blumi.photo\/wp-content\/uploads\/2023\/07\/Blumi_logo2.png\",\"contentUrl\":\"https:\/\/wwwww.blumi.photo\/wp-content\/uploads\/2023\/07\/Blumi_logo2.png\",\"width\":374,\"height\":144,\"caption\":\"blumi.photo\"},\"image\":{\"@id\":\"https:\/\/blumi.photo\/sk\/#\/schema\/logo\/image\/\"}}]}<\/script>\n<!-- \/ Yoast SEO plugin. -->","yoast_head_json":{"title":"Pouk\u00e1\u017eka - Fotoobraz na pl\u00e1tne - blumi.photo","robots":{"index":"index","follow":"follow","max-snippet":"max-snippet:-1","max-image-preview":"max-image-preview:large","max-video-preview":"max-video-preview:-1"},"canonical":"https:\/\/blumi.photo\/sk\/produkt\/poukazka-fotoobraz-na-platne\/","og_locale":"sk_SK","og_type":"article","og_title":"Pouk\u00e1\u017eka - Fotoobraz na pl\u00e1tne - blumi.photo","og_description":"Po\u010det fotiek: jedna fotografia \u010cas tvorenia: cca 5-10 min\u00fat Tla\u010d na maliarske pl\u00e1tno, napnut\u00e9 na drevenom r\u00e1me Dodacia doba: v\u00fdroba 7 prac.ovn\u00fdch dn\u00ed + 1-2 dni doprava","og_url":"https:\/\/blumi.photo\/sk\/produkt\/poukazka-fotoobraz-na-platne\/","og_site_name":"blumi.photo","article_modified_time":"2025-02-20T16:31:39+00:00","og_image":[{"width":888,"height":887,"url":"https:\/\/blumi.photo\/wp-content\/uploads\/2023\/07\/Canvas-single-photo.jpg","type":"image\/jpeg"}],"twitter_card":"summary_large_image","twitter_misc":{"Predpokladan\u00fd \u010das \u010d\u00edtania":"1 min\u00fata"},"schema":{"@context":"https:\/\/schema.org","@graph":[{"@type":"WebPage","@id":"https:\/\/blumi.photo\/sk\/produkt\/poukazka-fotoobraz-na-platne\/","url":"https:\/\/blumi.photo\/sk\/produkt\/poukazka-fotoobraz-na-platne\/","name":"Pouk\u00e1\u017eka - Fotoobraz na pl\u00e1tne - blumi.photo","isPartOf":{"@id":"https:\/\/blumi.photo\/sk\/#website"},"primaryImageOfPage":{"@id":"https:\/\/blumi.photo\/sk\/produkt\/poukazka-fotoobraz-na-platne\/#primaryimage"},"image":{"@id":"https:\/\/blumi.photo\/sk\/produkt\/poukazka-fotoobraz-na-platne\/#primaryimage"},"thumbnailUrl":"https:\/\/blumi.photo\/wp-content\/uploads\/2023\/07\/Canvas-single-photo.jpg","datePublished":"2023-07-19T08:52:54+00:00","dateModified":"2025-02-20T16:31:39+00:00","breadcrumb":{"@id":"https:\/\/blumi.photo\/sk\/produkt\/poukazka-fotoobraz-na-platne\/#breadcrumb"},"inLanguage":"sk-SK","potentialAction":[{"@type":"ReadAction","target":["https:\/\/blumi.photo\/sk\/produkt\/poukazka-fotoobraz-na-platne\/"]}]},{"@type":"ImageObject","inLanguage":"sk-SK","@id":"https:\/\/blumi.photo\/sk\/produkt\/poukazka-fotoobraz-na-platne\/#primaryimage","url":"https:\/\/blumi.photo\/wp-content\/uploads\/2023\/07\/Canvas-single-photo.jpg","contentUrl":"https:\/\/blumi.photo\/wp-content\/uploads\/2023\/07\/Canvas-single-photo.jpg","width":888,"height":887},{"@type":"BreadcrumbList","@id":"https:\/\/blumi.photo\/sk\/produkt\/poukazka-fotoobraz-na-platne\/#breadcrumb","itemListElement":[{"@type":"ListItem","position":1,"name":"Home","item":"https:\/\/blumi.photo\/sk\/"},{"@type":"ListItem","position":2,"name":"Shop","item":"https:\/\/blumi.photo\/sk\/obchod\/"},{"@type":"ListItem","position":3,"name":"Pouk\u00e1\u017eka &#8211; Fotoobraz na pl\u00e1tne"}]},{"@type":"WebSite","@id":"https:\/\/blumi.photo\/sk\/#website","url":"https:\/\/blumi.photo\/sk\/","name":"blumi.photo","description":"Photobook | Canvas | Photocalendar","publisher":{"@id":"https:\/\/blumi.photo\/sk\/#organization"},"potentialAction":[{"@type":"SearchAction","target":{"@type":"EntryPoint","urlTemplate":"https:\/\/blumi.photo\/sk\/?s={search_term_string}"},"query-input":{"@type":"PropertyValueSpecification","valueRequired":true,"valueName":"search_term_string"}}],"inLanguage":"sk-SK"},{"@type":"Organization","@id":"https:\/\/blumi.photo\/sk\/#organization","name":"blumi.photo","url":"https:\/\/blumi.photo\/sk\/","logo":{"@type":"ImageObject","inLanguage":"sk-SK","@id":"https:\/\/blumi.photo\/sk\/#\/schema\/logo\/image\/","url":"https:\/\/wwwww.blumi.photo\/wp-content\/uploads\/2023\/07\/Blumi_logo2.png","contentUrl":"https:\/\/wwwww.blumi.photo\/wp-content\/uploads\/2023\/07\/Blumi_logo2.png","width":374,"height":144,"caption":"blumi.photo"},"image":{"@id":"https:\/\/blumi.photo\/sk\/#\/schema\/logo\/image\/"}}]}},"_links":{"self":[{"href":"https:\/\/blumi.photo\/sk\/wp-json\/wp\/v2\/product\/7617","targetHints":{"allow":["GET"]}}],"collection":[{"href":"https:\/\/blumi.photo\/sk\/wp-json\/wp\/v2\/product"}],"about":[{"href":"https:\/\/blumi.photo\/sk\/wp-json\/wp\/v2\/types\/product"}],"replies":[{"embeddable":true,"href":"https:\/\/blumi.photo\/sk\/wp-json\/wp\/v2\/comments?post=7617"}],"wp:featuredmedia":[{"embeddable":true,"href":"https:\/\/blumi.photo\/sk\/wp-json\/wp\/v2\/media\/2054"}],"wp:attachment":[{"href":"https:\/\/blumi.photo\/sk\/wp-json\/wp\/v2\/media?parent=7617"}],"wp:term":[{"taxonomy":"product_brand","embeddable":true,"href":"https:\/\/blumi.photo\/sk\/wp-json\/wp\/v2\/product_brand?post=7617"},{"taxonomy":"product_cat","embeddable":true,"href":"https:\/\/blumi.photo\/sk\/wp-json\/wp\/v2\/product_cat?post=7617"},{"taxonomy":"product_tag","embeddable":true,"href":"https:\/\/blumi.photo\/sk\/wp-json\/wp\/v2\/product_tag?post=7617"}],"curies":[{"name":"wp","href":"https:\/\/api.w.org\/{rel}","templated":true}]}}