{"id":3290,"date":"2023-07-14T06:16:58","date_gmt":"2023-07-14T04:16:58","guid":{"rendered":"https:\/\/wwwww.blumi.photo\/?post_type=product&#038;p=3290"},"modified":"2023-07-17T09:10:22","modified_gmt":"2023-07-17T07:10:22","slug":"milnikove-karticky-modre","status":"publish","type":"product","link":"https:\/\/blumi.photo\/sk\/produkt\/milnikove-karticky-modre\/","title":{"rendered":"M\u00ed\u013enikov\u00e9 karti\u010dky &#8211; modr\u00e9"},"content":{"rendered":"","protected":false},"excerpt":{"rendered":"","protected":false},"featured_media":1785,"comment_status":"open","ping_status":"closed","template":"","meta":{"_et_pb_use_builder":"","_et_pb_old_content":"","_et_gb_content_width":""},"product_brand":[],"product_cat":[155],"product_tag":[],"class_list":{"0":"post-3290","1":"product","2":"type-product","3":"status-publish","4":"has-post-thumbnail","6":"product_cat-milnikove-karticky","8":"first","9":"instock","10":"sale","11":"sold-individually","12":"taxable","13":"shipping-taxable","14":"purchasable","15":"product-type-simple"},"yoast_head":"<!-- This site is optimized with the Yoast SEO plugin v27.0 - https:\/\/yoast.com\/product\/yoast-seo-wordpress\/ -->\n<title>M\u00ed\u013enikov\u00e9 karti\u010dky - modr\u00e9 - blumi.photo<\/title>\n<meta name=\"robots\" content=\"index, follow, max-snippet:-1, max-image-preview:large, max-video-preview:-1\" \/>\n<link rel=\"canonical\" href=\"https:\/\/blumi.photo\/sk\/produkt\/milnikove-karticky-modre\/\" \/>\n<meta property=\"og:locale\" content=\"sk_SK\" \/>\n<meta property=\"og:type\" content=\"article\" \/>\n<meta property=\"og:title\" content=\"M\u00ed\u013enikov\u00e9 karti\u010dky - modr\u00e9 - blumi.photo\" \/>\n<meta property=\"og:url\" content=\"https:\/\/blumi.photo\/sk\/produkt\/milnikove-karticky-modre\/\" \/>\n<meta property=\"og:site_name\" content=\"blumi.photo\" \/>\n<meta property=\"article:modified_time\" content=\"2023-07-17T07:10:22+00:00\" \/>\n<meta property=\"og:image\" content=\"https:\/\/blumi.photo\/wp-content\/uploads\/2023\/07\/Milnikove-karticky_mockup_NORMAL-hoverSK-blue-500-1.png\" \/>\n\t<meta property=\"og:image:width\" content=\"500\" \/>\n\t<meta property=\"og:image:height\" content=\"500\" \/>\n\t<meta property=\"og:image:type\" content=\"image\/png\" \/>\n<meta name=\"twitter:card\" content=\"summary_large_image\" \/>\n<script type=\"application\/ld+json\" class=\"yoast-schema-graph\">{\"@context\":\"https:\/\/schema.org\",\"@graph\":[{\"@type\":\"WebPage\",\"@id\":\"https:\/\/blumi.photo\/sk\/produkt\/milnikove-karticky-modre\/\",\"url\":\"https:\/\/blumi.photo\/sk\/produkt\/milnikove-karticky-modre\/\",\"name\":\"M\u00ed\u013enikov\u00e9 karti\u010dky - modr\u00e9 - blumi.photo\",\"isPartOf\":{\"@id\":\"https:\/\/blumi.photo\/sk\/#website\"},\"primaryImageOfPage\":{\"@id\":\"https:\/\/blumi.photo\/sk\/produkt\/milnikove-karticky-modre\/#primaryimage\"},\"image\":{\"@id\":\"https:\/\/blumi.photo\/sk\/produkt\/milnikove-karticky-modre\/#primaryimage\"},\"thumbnailUrl\":\"https:\/\/blumi.photo\/wp-content\/uploads\/2023\/07\/Milnikove-karticky_mockup_NORMAL-hoverSK-blue-500-1.png\",\"datePublished\":\"2023-07-14T04:16:58+00:00\",\"dateModified\":\"2023-07-17T07:10:22+00:00\",\"breadcrumb\":{\"@id\":\"https:\/\/blumi.photo\/sk\/produkt\/milnikove-karticky-modre\/#breadcrumb\"},\"inLanguage\":\"sk-SK\",\"potentialAction\":[{\"@type\":\"ReadAction\",\"target\":[\"https:\/\/blumi.photo\/sk\/produkt\/milnikove-karticky-modre\/\"]}]},{\"@type\":\"ImageObject\",\"inLanguage\":\"sk-SK\",\"@id\":\"https:\/\/blumi.photo\/sk\/produkt\/milnikove-karticky-modre\/#primaryimage\",\"url\":\"https:\/\/blumi.photo\/wp-content\/uploads\/2023\/07\/Milnikove-karticky_mockup_NORMAL-hoverSK-blue-500-1.png\",\"contentUrl\":\"https:\/\/blumi.photo\/wp-content\/uploads\/2023\/07\/Milnikove-karticky_mockup_NORMAL-hoverSK-blue-500-1.png\",\"width\":500,\"height\":500},{\"@type\":\"BreadcrumbList\",\"@id\":\"https:\/\/blumi.photo\/sk\/produkt\/milnikove-karticky-modre\/#breadcrumb\",\"itemListElement\":[{\"@type\":\"ListItem\",\"position\":1,\"name\":\"Home\",\"item\":\"https:\/\/blumi.photo\/sk\/\"},{\"@type\":\"ListItem\",\"position\":2,\"name\":\"Shop\",\"item\":\"https:\/\/blumi.photo\/sk\/obchod\/\"},{\"@type\":\"ListItem\",\"position\":3,\"name\":\"M\u00ed\u013enikov\u00e9 karti\u010dky &#8211; modr\u00e9\"}]},{\"@type\":\"WebSite\",\"@id\":\"https:\/\/blumi.photo\/sk\/#website\",\"url\":\"https:\/\/blumi.photo\/sk\/\",\"name\":\"blumi.photo\",\"description\":\"Photobook | Canvas | Photocalendar\",\"publisher\":{\"@id\":\"https:\/\/blumi.photo\/sk\/#organization\"},\"potentialAction\":[{\"@type\":\"SearchAction\",\"target\":{\"@type\":\"EntryPoint\",\"urlTemplate\":\"https:\/\/blumi.photo\/sk\/?s={search_term_string}\"},\"query-input\":{\"@type\":\"PropertyValueSpecification\",\"valueRequired\":true,\"valueName\":\"search_term_string\"}}],\"inLanguage\":\"sk-SK\"},{\"@type\":\"Organization\",\"@id\":\"https:\/\/blumi.photo\/sk\/#organization\",\"name\":\"blumi.photo\",\"url\":\"https:\/\/blumi.photo\/sk\/\",\"logo\":{\"@type\":\"ImageObject\",\"inLanguage\":\"sk-SK\",\"@id\":\"https:\/\/blumi.photo\/sk\/#\/schema\/logo\/image\/\",\"url\":\"https:\/\/wwwww.blumi.photo\/wp-content\/uploads\/2023\/07\/Blumi_logo2.png\",\"contentUrl\":\"https:\/\/wwwww.blumi.photo\/wp-content\/uploads\/2023\/07\/Blumi_logo2.png\",\"width\":374,\"height\":144,\"caption\":\"blumi.photo\"},\"image\":{\"@id\":\"https:\/\/blumi.photo\/sk\/#\/schema\/logo\/image\/\"}}]}<\/script>\n<!-- \/ Yoast SEO plugin. -->","yoast_head_json":{"title":"M\u00ed\u013enikov\u00e9 karti\u010dky - modr\u00e9 - blumi.photo","robots":{"index":"index","follow":"follow","max-snippet":"max-snippet:-1","max-image-preview":"max-image-preview:large","max-video-preview":"max-video-preview:-1"},"canonical":"https:\/\/blumi.photo\/sk\/produkt\/milnikove-karticky-modre\/","og_locale":"sk_SK","og_type":"article","og_title":"M\u00ed\u013enikov\u00e9 karti\u010dky - modr\u00e9 - blumi.photo","og_url":"https:\/\/blumi.photo\/sk\/produkt\/milnikove-karticky-modre\/","og_site_name":"blumi.photo","article_modified_time":"2023-07-17T07:10:22+00:00","og_image":[{"width":500,"height":500,"url":"https:\/\/blumi.photo\/wp-content\/uploads\/2023\/07\/Milnikove-karticky_mockup_NORMAL-hoverSK-blue-500-1.png","type":"image\/png"}],"twitter_card":"summary_large_image","schema":{"@context":"https:\/\/schema.org","@graph":[{"@type":"WebPage","@id":"https:\/\/blumi.photo\/sk\/produkt\/milnikove-karticky-modre\/","url":"https:\/\/blumi.photo\/sk\/produkt\/milnikove-karticky-modre\/","name":"M\u00ed\u013enikov\u00e9 karti\u010dky - modr\u00e9 - blumi.photo","isPartOf":{"@id":"https:\/\/blumi.photo\/sk\/#website"},"primaryImageOfPage":{"@id":"https:\/\/blumi.photo\/sk\/produkt\/milnikove-karticky-modre\/#primaryimage"},"image":{"@id":"https:\/\/blumi.photo\/sk\/produkt\/milnikove-karticky-modre\/#primaryimage"},"thumbnailUrl":"https:\/\/blumi.photo\/wp-content\/uploads\/2023\/07\/Milnikove-karticky_mockup_NORMAL-hoverSK-blue-500-1.png","datePublished":"2023-07-14T04:16:58+00:00","dateModified":"2023-07-17T07:10:22+00:00","breadcrumb":{"@id":"https:\/\/blumi.photo\/sk\/produkt\/milnikove-karticky-modre\/#breadcrumb"},"inLanguage":"sk-SK","potentialAction":[{"@type":"ReadAction","target":["https:\/\/blumi.photo\/sk\/produkt\/milnikove-karticky-modre\/"]}]},{"@type":"ImageObject","inLanguage":"sk-SK","@id":"https:\/\/blumi.photo\/sk\/produkt\/milnikove-karticky-modre\/#primaryimage","url":"https:\/\/blumi.photo\/wp-content\/uploads\/2023\/07\/Milnikove-karticky_mockup_NORMAL-hoverSK-blue-500-1.png","contentUrl":"https:\/\/blumi.photo\/wp-content\/uploads\/2023\/07\/Milnikove-karticky_mockup_NORMAL-hoverSK-blue-500-1.png","width":500,"height":500},{"@type":"BreadcrumbList","@id":"https:\/\/blumi.photo\/sk\/produkt\/milnikove-karticky-modre\/#breadcrumb","itemListElement":[{"@type":"ListItem","position":1,"name":"Home","item":"https:\/\/blumi.photo\/sk\/"},{"@type":"ListItem","position":2,"name":"Shop","item":"https:\/\/blumi.photo\/sk\/obchod\/"},{"@type":"ListItem","position":3,"name":"M\u00ed\u013enikov\u00e9 karti\u010dky &#8211; modr\u00e9"}]},{"@type":"WebSite","@id":"https:\/\/blumi.photo\/sk\/#website","url":"https:\/\/blumi.photo\/sk\/","name":"blumi.photo","description":"Photobook | Canvas | Photocalendar","publisher":{"@id":"https:\/\/blumi.photo\/sk\/#organization"},"potentialAction":[{"@type":"SearchAction","target":{"@type":"EntryPoint","urlTemplate":"https:\/\/blumi.photo\/sk\/?s={search_term_string}"},"query-input":{"@type":"PropertyValueSpecification","valueRequired":true,"valueName":"search_term_string"}}],"inLanguage":"sk-SK"},{"@type":"Organization","@id":"https:\/\/blumi.photo\/sk\/#organization","name":"blumi.photo","url":"https:\/\/blumi.photo\/sk\/","logo":{"@type":"ImageObject","inLanguage":"sk-SK","@id":"https:\/\/blumi.photo\/sk\/#\/schema\/logo\/image\/","url":"https:\/\/wwwww.blumi.photo\/wp-content\/uploads\/2023\/07\/Blumi_logo2.png","contentUrl":"https:\/\/wwwww.blumi.photo\/wp-content\/uploads\/2023\/07\/Blumi_logo2.png","width":374,"height":144,"caption":"blumi.photo"},"image":{"@id":"https:\/\/blumi.photo\/sk\/#\/schema\/logo\/image\/"}}]}},"_links":{"self":[{"href":"https:\/\/blumi.photo\/sk\/wp-json\/wp\/v2\/product\/3290","targetHints":{"allow":["GET"]}}],"collection":[{"href":"https:\/\/blumi.photo\/sk\/wp-json\/wp\/v2\/product"}],"about":[{"href":"https:\/\/blumi.photo\/sk\/wp-json\/wp\/v2\/types\/product"}],"replies":[{"embeddable":true,"href":"https:\/\/blumi.photo\/sk\/wp-json\/wp\/v2\/comments?post=3290"}],"wp:featuredmedia":[{"embeddable":true,"href":"https:\/\/blumi.photo\/sk\/wp-json\/wp\/v2\/media\/1785"}],"wp:attachment":[{"href":"https:\/\/blumi.photo\/sk\/wp-json\/wp\/v2\/media?parent=3290"}],"wp:term":[{"taxonomy":"product_brand","embeddable":true,"href":"https:\/\/blumi.photo\/sk\/wp-json\/wp\/v2\/product_brand?post=3290"},{"taxonomy":"product_cat","embeddable":true,"href":"https:\/\/blumi.photo\/sk\/wp-json\/wp\/v2\/product_cat?post=3290"},{"taxonomy":"product_tag","embeddable":true,"href":"https:\/\/blumi.photo\/sk\/wp-json\/wp\/v2\/product_tag?post=3290"}],"curies":[{"name":"wp","href":"https:\/\/api.w.org\/{rel}","templated":true}]}}