{"id":12268,"date":"2025-02-26T09:36:48","date_gmt":"2025-02-26T08:36:48","guid":{"rendered":"https:\/\/blumi.photo\/?page_id=12268"},"modified":"2025-12-03T11:50:14","modified_gmt":"2025-12-03T10:50:14","slug":"fotoboard","status":"publish","type":"page","link":"https:\/\/blumi.photo\/sk\/fotoobrazy\/fotoboard\/","title":{"rendered":"Foto Board"},"content":{"rendered":"<p>[et_pb_section fb_built=&#8220;1&#8243; disabled_on=&#8220;off|off|off&#8220; admin_label=&#8220;Features&#8220; _builder_version=&#8220;4.27.4&#8243; _module_preset=&#8220;_initial&#8220; background_color=&#8220;#ffcc00&#8243; custom_padding=&#8220;57px|0px|0px|0px||&#8220; da_disable_devices=&#8220;off|off|off&#8220; global_colors_info=&#8220;{}&#8220; da_is_popup=&#8220;off&#8220; da_exit_intent=&#8220;off&#8220; da_has_close=&#8220;on&#8220; da_alt_close=&#8220;off&#8220; da_dark_close=&#8220;off&#8220; da_not_modal=&#8220;on&#8220; da_is_singular=&#8220;off&#8220; da_with_loader=&#8220;off&#8220; da_has_shadow=&#8220;on&#8220;][et_pb_row _builder_version=&#8220;4.16&#8243; _module_preset=&#8220;default&#8220; custom_margin=&#8220;-53px|auto||auto||&#8220; custom_padding=&#8220;10px||3px|||&#8220; global_colors_info=&#8220;{}&#8220;][et_pb_column type=&#8220;4_4&#8243; _builder_version=&#8220;4.16&#8243; _module_preset=&#8220;default&#8220; custom_padding=&#8220;|||&#8220; global_colors_info=&#8220;{}&#8220; custom_padding__hover=&#8220;|||&#8220;][et_pb_text _builder_version=&#8220;4.27.4&#8243; _module_preset=&#8220;_initial&#8220; text_text_color=&#8220;#282828&#8243; global_colors_info=&#8220;{}&#8220;]<\/p>\n<p style=\"text-align: center;\"><strong>Informace o doru\u010den\u00ed do V\u00e1noc.<\/strong><br \/><span>Pro objedn\u00e1vky p\u0159ijat\u00e9 a uhrazen\u00e9\u00a0<\/span><strong>do 10.12.2025 garantujeme doru\u010den\u00ed do V\u00e1noc.<\/strong><br \/><span>Objedn\u00e1vky p\u0159ijat\u00e9 po tomto term\u00ednu budeme expedovat a\u017e po 6.1.2026<\/span><\/p>\n<p>[\/et_pb_text][\/et_pb_column][\/et_pb_row][\/et_pb_section][et_pb_section fb_built=&#8220;1&#8243; admin_label=&#8220;Section&#8220; _builder_version=&#8220;4.27.4&#8243; _module_preset=&#8220;_initial&#8220; background_image=&#8220;https:\/\/blumi.photo\/wp-content\/uploads\/2025\/02\/StickPic-slider.jpg&#8220; module_alignment=&#8220;center&#8220; custom_padding=&#8220;||||false|false&#8220; background_last_edited=&#8220;on|phone&#8220; background_image_phone=&#8220;https:\/\/blumi.photo\/wp-content\/uploads\/2025\/02\/StickPrint-6&#215;3-1.jpg&#8220; background_enable_image_phone=&#8220;on&#8220; parallax_phone=&#8220;off&#8220; da_disable_devices=&#8220;off|off|off&#8220; global_colors_info=&#8220;{}&#8220; da_is_popup=&#8220;off&#8220; da_exit_intent=&#8220;off&#8220; da_has_close=&#8220;on&#8220; da_alt_close=&#8220;off&#8220; da_dark_close=&#8220;off&#8220; da_not_modal=&#8220;on&#8220; da_is_singular=&#8220;off&#8220; da_with_loader=&#8220;off&#8220; da_has_shadow=&#8220;on&#8220;][et_pb_row column_structure=&#8220;1_2,1_2&#8243; use_custom_gutter=&#8220;on&#8220; gutter_width=&#8220;1&#8243; _builder_version=&#8220;4.27.4&#8243; _module_preset=&#8220;default&#8220; background_enable_color=&#8220;off&#8220; width=&#8220;68%&#8220; max_width=&#8220;741px&#8220; module_alignment=&#8220;center&#8220; height=&#8220;700px&#8220; height_tablet=&#8220;&#8220; height_phone=&#8220;600px&#8220; height_last_edited=&#8220;on|phone&#8220; global_colors_info=&#8220;{}&#8220;][et_pb_column type=&#8220;1_2&#8243; _builder_version=&#8220;4.27.4&#8243; _module_preset=&#8220;default&#8220; background_color=&#8220;RGBA(255,255,255,0)&#8220; global_colors_info=&#8220;{}&#8220;][\/et_pb_column][et_pb_column type=&#8220;1_2&#8243; _builder_version=&#8220;4.27.4&#8243; _module_preset=&#8220;default&#8220; background_color=&#8220;RGBA(255,255,255,0)&#8220; global_colors_info=&#8220;{}&#8220;][et_pb_text _builder_version=&#8220;4.27.4&#8243; _module_preset=&#8220;_initial&#8220; text_text_color=&#8220;#f7f7f7&#8243; text_font_size=&#8220;22px&#8220; text_line_height=&#8220;1.3em&#8220; header_text_color=&#8220;#f7f7f7&#8243; header_font_size=&#8220;38px&#8220; header_line_height=&#8220;1.2em&#8220; module_alignment=&#8220;right&#8220; custom_margin=&#8220;25px|||||&#8220; hover_enabled=&#8220;0&#8243; text_text_shadow_style=&#8220;preset1&#8243; header_text_shadow_style=&#8220;preset1&#8243; global_colors_info=&#8220;{}&#8220; sticky_enabled=&#8220;0&#8243;]<\/p>\n<h1 class=\"banner-content-header new\" style=\"text-align: center;\">Vyskladajte si svoj fotopr\u00edbeh<\/h1>\n<p data-start=\"66\" data-end=\"137\" data-is-last-node=\"\" data-is-only-node=\"\" style=\"text-align: center;\">Zme\u0148te svoju pr\u00e1zdnu stenu na umeleck\u00e9 dielo<br data-start=\"110\" data-end=\"113\" \/>Jednoducho a bez v\u0155tania<\/p>\n<p>[\/et_pb_text][et_pb_button button_url=&#8220;#products&#8220; button_text=&#8220;Vybra\u0165 po\u010det&#8220; button_alignment=&#8220;center&#8220; _builder_version=&#8220;4.27.4&#8243; _module_preset=&#8220;default&#8220; custom_button=&#8220;on&#8220; button_text_color=&#8220;#F8F7F5&#8243; button_bg_color=&#8220;#00A2FF&#8220; button_border_width=&#8220;2px&#8220; button_border_radius=&#8220;7px&#8220; custom_margin=&#8220;29px||||false|false&#8220; custom_padding=&#8220;||||false|false&#8220; hover_enabled=&#8220;0&#8243; global_colors_info=&#8220;{}&#8220; sticky_enabled=&#8220;0&#8243;][\/et_pb_button][\/et_pb_column][\/et_pb_row][\/et_pb_section][et_pb_section fb_built=&#8220;1&#8243; admin_label=&#8220;Section&#8220; _builder_version=&#8220;4.27.4&#8243; _module_preset=&#8220;_initial&#8220; background_color=&#8220;#EEE8E2&#8243; da_disable_devices=&#8220;off|off|off&#8220; global_colors_info=&#8220;{}&#8220; da_is_popup=&#8220;off&#8220; da_exit_intent=&#8220;off&#8220; da_has_close=&#8220;on&#8220; da_alt_close=&#8220;off&#8220; da_dark_close=&#8220;off&#8220; da_not_modal=&#8220;on&#8220; da_is_singular=&#8220;off&#8220; da_with_loader=&#8220;off&#8220; da_has_shadow=&#8220;on&#8220;][\/et_pb_section][et_pb_section fb_built=&#8220;1&#8243; admin_label=&#8220;Section&#8220; module_id=&#8220;products&#8220; _builder_version=&#8220;4.27.4&#8243; _module_preset=&#8220;_initial&#8220; custom_padding=&#8220;10px|||||&#8220; da_popup_slug=&#8220;products&#8220; da_disable_devices=&#8220;off|off|off&#8220; global_colors_info=&#8220;{}&#8220; da_is_popup=&#8220;off&#8220; da_exit_intent=&#8220;off&#8220; da_has_close=&#8220;on&#8220; da_alt_close=&#8220;off&#8220; da_dark_close=&#8220;off&#8220; da_not_modal=&#8220;on&#8220; da_is_singular=&#8220;off&#8220; da_with_loader=&#8220;off&#8220; da_has_shadow=&#8220;on&#8220;][et_pb_row column_structure=&#8220;1_4,1_4,1_4,1_4&#8243; use_custom_gutter=&#8220;on&#8220; gutter_width=&#8220;2&#8243; make_equal=&#8220;on&#8220; _builder_version=&#8220;4.27.4&#8243; _module_preset=&#8220;default&#8220; width=&#8220;100%&#8220; width_tablet=&#8220;50%&#8220; width_phone=&#8220;95%&#8220; width_last_edited=&#8220;on|phone&#8220; custom_padding=&#8220;25px|||||&#8220; global_colors_info=&#8220;{}&#8220;][et_pb_column type=&#8220;1_4&#8243; _builder_version=&#8220;4.27.4&#8243; _module_preset=&#8220;default&#8220; background_color=&#8220;rgba(238,232,226,0.32)&#8220; custom_padding=&#8220;10px|10px|10px|10px|true|true&#8220; hover_enabled=&#8220;0&#8243; box_shadow_style=&#8220;preset1&#8243; global_colors_info=&#8220;{}&#8220; sticky_enabled=&#8220;0&#8243;][et_pb_text _builder_version=&#8220;4.27.4&#8243; _module_preset=&#8220;_initial&#8220; text_font=&#8220;|600|||||||&#8220; text_font_size=&#8220;30px&#8220; custom_margin=&#8220;18px||||false|false&#8220; hover_enabled=&#8220;0&#8243; global_colors_info=&#8220;{}&#8220; sticky_enabled=&#8220;0&#8243;]<\/p>\n<p style=\"text-align: center;\">1 diel<\/p>\n<p>[\/et_pb_text][et_pb_image src=&#8220;https:\/\/blumi.photo\/wp-content\/uploads\/2025\/02\/Photo-Tile-1.jpg&#8220; title_text=&#8220;Photo-Tile-1&#8243; url=&#8220;https:\/\/editor.picted.it\/cs\/blumi\/fotoboard\/info?Size%20%26%20pcs=Photo%20Board%201x&#038;renderWithPerfectlyClear=true&#8220; align=&#8220;center&#8220; _builder_version=&#8220;4.27.4&#8243; _module_preset=&#8220;default&#8220; width=&#8220;65%&#8220; width_tablet=&#8220;45%&#8220; width_phone=&#8220;100%&#8220; width_last_edited=&#8220;on|desktop&#8220; global_colors_info=&#8220;{}&#8220;][\/et_pb_image][et_pb_button button_url=&#8220;https:\/\/editor.picted.it\/sk\/blumi\/fotoboard\/info?Size%20%26%20pcs=Photo%20Board%201x&#038;renderWithPerfectlyClear=true&#8220; button_text=&#8220;Vybrat&#8220; button_alignment=&#8220;center&#8220; _builder_version=&#8220;4.27.4&#8243; _module_preset=&#8220;default&#8220; custom_button=&#8220;on&#8220; button_text_color=&#8220;#F8F7F5&#8243; button_bg_color=&#8220;#00A2FF&#8220; button_border_radius=&#8220;6px&#8220; hover_enabled=&#8220;0&#8243; global_colors_info=&#8220;{}&#8220; sticky_enabled=&#8220;0&#8243;][\/et_pb_button][\/et_pb_column][et_pb_column type=&#8220;1_4&#8243; _builder_version=&#8220;4.27.4&#8243; _module_preset=&#8220;default&#8220; background_color=&#8220;rgba(238,232,226,0.32)&#8220; custom_padding=&#8220;10px|10px|10px|10px|true|true&#8220; box_shadow_style=&#8220;preset1&#8243; global_colors_info=&#8220;{}&#8220;][et_pb_text _builder_version=&#8220;4.27.4&#8243; _module_preset=&#8220;_initial&#8220; text_font=&#8220;|600|||||||&#8220; text_font_size=&#8220;30px&#8220; custom_margin=&#8220;18px||||false|false&#8220; hover_enabled=&#8220;0&#8243; global_colors_info=&#8220;{}&#8220; sticky_enabled=&#8220;0&#8243;]<\/p>\n<p style=\"text-align: center;\">4 diely<\/p>\n<p>[\/et_pb_text][et_pb_image src=&#8220;https:\/\/blumi.photo\/wp-content\/uploads\/2025\/02\/Photo-Tiles-4.jpg&#8220; title_text=&#8220;Photo-Tiles-4&#8243; url=&#8220;https:\/\/editor.picted.it\/sk\/blumi\/fotoboard\/info?Size%20%26%20pcs=Photo%20Board%204x&#038;renderWithPerfectlyClear=true&#8220; align=&#8220;center&#8220; _builder_version=&#8220;4.27.4&#8243; _module_preset=&#8220;default&#8220; width=&#8220;65%&#8220; width_tablet=&#8220;45%&#8220; width_phone=&#8220;100%&#8220; width_last_edited=&#8220;on|desktop&#8220; hover_enabled=&#8220;0&#8243; global_colors_info=&#8220;{}&#8220; sticky_enabled=&#8220;0&#8243;][\/et_pb_image][et_pb_button button_url=&#8220;https:\/\/editor.picted.it\/sk\/blumi\/fotoboard\/info?Size%20%26%20pcs=Photo%20Board%204x&#038;renderWithPerfectlyClear=true&#8220; button_text=&#8220;Vybrat&#8220; button_alignment=&#8220;center&#8220; _builder_version=&#8220;4.27.4&#8243; _module_preset=&#8220;default&#8220; custom_button=&#8220;on&#8220; button_text_color=&#8220;#F8F7F5&#8243; button_bg_color=&#8220;#00A2FF&#8220; button_border_radius=&#8220;6px&#8220; hover_enabled=&#8220;0&#8243; global_colors_info=&#8220;{}&#8220; sticky_enabled=&#8220;0&#8243;][\/et_pb_button][\/et_pb_column][et_pb_column type=&#8220;1_4&#8243; _builder_version=&#8220;4.27.4&#8243; _module_preset=&#8220;default&#8220; background_color=&#8220;rgba(238,232,226,0.32)&#8220; custom_padding=&#8220;10px|10px|10px|10px|true|true&#8220; box_shadow_style=&#8220;preset1&#8243; global_colors_info=&#8220;{}&#8220;][et_pb_text _builder_version=&#8220;4.27.4&#8243; _module_preset=&#8220;_initial&#8220; text_font=&#8220;|600|||||||&#8220; text_font_size=&#8220;30px&#8220; custom_margin=&#8220;18px||||false|false&#8220; hover_enabled=&#8220;0&#8243; global_colors_info=&#8220;{}&#8220; sticky_enabled=&#8220;0&#8243;]<\/p>\n<p style=\"text-align: center;\">6 dielov<\/p>\n<p>[\/et_pb_text][et_pb_image src=&#8220;https:\/\/blumi.photo\/wp-content\/uploads\/2025\/02\/Photo-tiles-6.jpg&#8220; title_text=&#8220;Photo-tiles-6&#8243; url=&#8220;https:\/\/editor.picted.it\/sk\/blumi\/fotoboard\/info?Size%20%26%20pcs=Photo%20Board%206x&#038;renderWithPerfectlyClear=true&#8220; align=&#8220;center&#8220; _builder_version=&#8220;4.27.4&#8243; _module_preset=&#8220;default&#8220; width=&#8220;65%&#8220; width_tablet=&#8220;45%&#8220; width_phone=&#8220;100%&#8220; width_last_edited=&#8220;on|desktop&#8220; hover_enabled=&#8220;0&#8243; global_colors_info=&#8220;{}&#8220; sticky_enabled=&#8220;0&#8243;][\/et_pb_image][et_pb_button button_url=&#8220;https:\/\/editor.picted.it\/sk\/blumi\/fotoboard\/info?Size%20%26%20pcs=Photo%20Board%206x&#038;renderWithPerfectlyClear=true&#8220; button_text=&#8220;Vybrat&#8220; button_alignment=&#8220;center&#8220; _builder_version=&#8220;4.27.4&#8243; _module_preset=&#8220;default&#8220; custom_button=&#8220;on&#8220; button_text_color=&#8220;#F8F7F5&#8243; button_bg_color=&#8220;#00A2FF&#8220; button_border_radius=&#8220;6px&#8220; hover_enabled=&#8220;0&#8243; global_colors_info=&#8220;{}&#8220; sticky_enabled=&#8220;0&#8243;][\/et_pb_button][\/et_pb_column][et_pb_column type=&#8220;1_4&#8243; _builder_version=&#8220;4.27.4&#8243; _module_preset=&#8220;default&#8220; background_color=&#8220;rgba(238,232,226,0.32)&#8220; custom_padding=&#8220;10px|10px|10px|10px|true|true&#8220; box_shadow_style=&#8220;preset1&#8243; global_colors_info=&#8220;{}&#8220;][et_pb_text _builder_version=&#8220;4.27.4&#8243; _module_preset=&#8220;_initial&#8220; text_font=&#8220;|600|||||||&#8220; text_font_size=&#8220;30px&#8220; custom_margin=&#8220;18px||||false|false&#8220; hover_enabled=&#8220;0&#8243; global_colors_info=&#8220;{}&#8220; sticky_enabled=&#8220;0&#8243;]<\/p>\n<p style=\"text-align: center;\">8 dielov<\/p>\n<p>[\/et_pb_text][et_pb_image src=&#8220;https:\/\/blumi.photo\/wp-content\/uploads\/2025\/02\/Photo-tiles-8.jpg&#8220; title_text=&#8220;Photo-tiles-8&#8243; url=&#8220;https:\/\/editor.picted.it\/sk\/blumi\/fotoboard\/info?Size%20%26%20pcs=Photo%20Board%208x&#038;renderWithPerfectlyClear=true&#8220; align=&#8220;center&#8220; _builder_version=&#8220;4.27.4&#8243; _module_preset=&#8220;default&#8220; width=&#8220;65%&#8220; width_tablet=&#8220;45%&#8220; width_phone=&#8220;100%&#8220; width_last_edited=&#8220;on|desktop&#8220; hover_enabled=&#8220;0&#8243; global_colors_info=&#8220;{}&#8220; sticky_enabled=&#8220;0&#8243;][\/et_pb_image][et_pb_button button_url=&#8220;https:\/\/editor.picted.it\/sk\/blumi\/fotoboard\/info?Size%20%26%20pcs=Photo%20Board%208x&#038;renderWithPerfectlyClear=true&#8220; button_text=&#8220;Vybrat&#8220; button_alignment=&#8220;center&#8220; _builder_version=&#8220;4.27.4&#8243; _module_preset=&#8220;default&#8220; custom_button=&#8220;on&#8220; button_text_color=&#8220;#F8F7F5&#8243; button_bg_color=&#8220;#00A2FF&#8220; button_border_radius=&#8220;6px&#8220; hover_enabled=&#8220;0&#8243; global_colors_info=&#8220;{}&#8220; sticky_enabled=&#8220;0&#8243;][\/et_pb_button][\/et_pb_column][\/et_pb_row][\/et_pb_section][et_pb_section fb_built=&#8220;1&#8243; admin_label=&#8220;Section&#8220; _builder_version=&#8220;4.27.4&#8243; _module_preset=&#8220;_initial&#8220; background_enable_image=&#8220;off&#8220; da_disable_devices=&#8220;off|off|off&#8220; global_colors_info=&#8220;{}&#8220; da_is_popup=&#8220;off&#8220; da_exit_intent=&#8220;off&#8220; da_has_close=&#8220;on&#8220; da_alt_close=&#8220;off&#8220; da_dark_close=&#8220;off&#8220; da_not_modal=&#8220;on&#8220; da_is_singular=&#8220;off&#8220; da_with_loader=&#8220;off&#8220; da_has_shadow=&#8220;on&#8220;][et_pb_row _builder_version=&#8220;4.27.4&#8243; _module_preset=&#8220;default&#8220; global_colors_info=&#8220;{}&#8220;][et_pb_column type=&#8220;4_4&#8243; _builder_version=&#8220;4.27.4&#8243; _module_preset=&#8220;default&#8220; global_colors_info=&#8220;{}&#8220;][et_pb_image src=&#8220;https:\/\/blumi.photo\/wp-content\/uploads\/2025\/02\/Photo-Tiles-banner-mobile.gif&#8220; title_text=&#8220;Photo-Tiles-banner-mobile&#8220; align=&#8220;center&#8220; _builder_version=&#8220;4.27.4&#8243; _module_preset=&#8220;default&#8220; hover_enabled=&#8220;0&#8243; global_colors_info=&#8220;{}&#8220; sticky_enabled=&#8220;0&#8243;][\/et_pb_image][\/et_pb_column][\/et_pb_row][\/et_pb_section][et_pb_section fb_built=&#8220;1&#8243; admin_label=&#8220;Section&#8220; _builder_version=&#8220;4.27.4&#8243; _module_preset=&#8220;_initial&#8220; background_image=&#8220;https:\/\/blumi.photo\/wp-content\/uploads\/2025\/02\/Photo-tiles-banner-right-1.jpg&#8220; da_disable_devices=&#8220;off|off|off&#8220; global_colors_info=&#8220;{}&#8220; da_is_popup=&#8220;off&#8220; da_exit_intent=&#8220;off&#8220; da_has_close=&#8220;on&#8220; da_alt_close=&#8220;off&#8220; da_dark_close=&#8220;off&#8220; da_not_modal=&#8220;on&#8220; da_is_singular=&#8220;off&#8220; da_with_loader=&#8220;off&#8220; da_has_shadow=&#8220;on&#8220;][et_pb_row _builder_version=&#8220;4.27.4&#8243; _module_preset=&#8220;default&#8220; height=&#8220;601px&#8220; global_colors_info=&#8220;{}&#8220;][et_pb_column type=&#8220;4_4&#8243; _builder_version=&#8220;4.27.4&#8243; _module_preset=&#8220;default&#8220; global_colors_info=&#8220;{}&#8220;][\/et_pb_column][\/et_pb_row][\/et_pb_section]<\/p>\n","protected":false},"excerpt":{"rendered":"<p>Informace o doru\u010den\u00ed do V\u00e1noc.Pro objedn\u00e1vky p\u0159ijat\u00e9 a uhrazen\u00e9\u00a0do 10.12.2025 garantujeme doru\u010den\u00ed do V\u00e1noc.Objedn\u00e1vky p\u0159ijat\u00e9 po tomto term\u00ednu budeme expedovat a\u017e po 6.1.2026Vyskladajte si svoj fotopr\u00edbeh Zme\u0148te svoju pr\u00e1zdnu stenu na umeleck\u00e9 dieloJednoducho a bez v\u0155tania1 diel4 diely6 dielov8 dielov<\/p>\n","protected":false},"author":1,"featured_media":0,"parent":2249,"menu_order":0,"comment_status":"closed","ping_status":"closed","template":"","meta":{"_et_pb_use_builder":"on","_et_pb_old_content":"","_et_gb_content_width":"","footnotes":""},"class_list":["post-12268","page","type-page","status-publish","hentry"],"yoast_head":"<!-- This site is optimized with the Yoast SEO plugin v27.0 - https:\/\/yoast.com\/product\/yoast-seo-wordpress\/ -->\n<title>Foto Board - blumi.photo<\/title>\n<meta name=\"robots\" content=\"index, follow, max-snippet:-1, max-image-preview:large, max-video-preview:-1\" \/>\n<link rel=\"canonical\" href=\"https:\/\/blumi.photo\/sk\/fotoobrazy\/fotoboard\/\" \/>\n<meta property=\"og:locale\" content=\"sk_SK\" \/>\n<meta property=\"og:type\" content=\"article\" \/>\n<meta property=\"og:title\" content=\"Foto Board - blumi.photo\" \/>\n<meta property=\"og:description\" content=\"Informace o doru\u010den\u00ed do V\u00e1noc.Pro objedn\u00e1vky p\u0159ijat\u00e9 a uhrazen\u00e9\u00a0do 10.12.2025 garantujeme doru\u010den\u00ed do V\u00e1noc.Objedn\u00e1vky p\u0159ijat\u00e9 po tomto term\u00ednu budeme expedovat a\u017e po 6.1.2026Vyskladajte si svoj fotopr\u00edbeh Zme\u0148te svoju pr\u00e1zdnu stenu na umeleck\u00e9 dieloJednoducho a bez v\u0155tania1 diel4 diely6 dielov8 dielov\" \/>\n<meta property=\"og:url\" content=\"https:\/\/blumi.photo\/sk\/fotoobrazy\/fotoboard\/\" \/>\n<meta property=\"og:site_name\" content=\"blumi.photo\" \/>\n<meta property=\"article:modified_time\" content=\"2025-12-03T10:50:14+00:00\" \/>\n<meta name=\"twitter:card\" content=\"summary_large_image\" \/>\n<script type=\"application\/ld+json\" class=\"yoast-schema-graph\">{\"@context\":\"https:\/\/schema.org\",\"@graph\":[{\"@type\":\"WebPage\",\"@id\":\"https:\/\/blumi.photo\/sk\/fotoobrazy\/fotoboard\/\",\"url\":\"https:\/\/blumi.photo\/sk\/fotoobrazy\/fotoboard\/\",\"name\":\"Foto Board - blumi.photo\",\"isPartOf\":{\"@id\":\"https:\/\/blumi.photo\/sk\/#website\"},\"datePublished\":\"2025-02-26T08:36:48+00:00\",\"dateModified\":\"2025-12-03T10:50:14+00:00\",\"breadcrumb\":{\"@id\":\"https:\/\/blumi.photo\/sk\/fotoobrazy\/fotoboard\/#breadcrumb\"},\"inLanguage\":\"sk-SK\",\"potentialAction\":[{\"@type\":\"ReadAction\",\"target\":[\"https:\/\/blumi.photo\/sk\/fotoobrazy\/fotoboard\/\"]}]},{\"@type\":\"BreadcrumbList\",\"@id\":\"https:\/\/blumi.photo\/sk\/fotoobrazy\/fotoboard\/#breadcrumb\",\"itemListElement\":[{\"@type\":\"ListItem\",\"position\":1,\"name\":\"Home\",\"item\":\"https:\/\/blumi.photo\/sk\/\"},{\"@type\":\"ListItem\",\"position\":2,\"name\":\"Fotoobrazy\",\"item\":\"https:\/\/blumi.photo\/sk\/wall-art\/\"},{\"@type\":\"ListItem\",\"position\":3,\"name\":\"Foto Board\"}]},{\"@type\":\"WebSite\",\"@id\":\"https:\/\/blumi.photo\/sk\/#website\",\"url\":\"https:\/\/blumi.photo\/sk\/\",\"name\":\"blumi.photo\",\"description\":\"Photobook | Canvas | Photocalendar\",\"publisher\":{\"@id\":\"https:\/\/blumi.photo\/sk\/#organization\"},\"potentialAction\":[{\"@type\":\"SearchAction\",\"target\":{\"@type\":\"EntryPoint\",\"urlTemplate\":\"https:\/\/blumi.photo\/sk\/?s={search_term_string}\"},\"query-input\":{\"@type\":\"PropertyValueSpecification\",\"valueRequired\":true,\"valueName\":\"search_term_string\"}}],\"inLanguage\":\"sk-SK\"},{\"@type\":\"Organization\",\"@id\":\"https:\/\/blumi.photo\/sk\/#organization\",\"name\":\"blumi.photo\",\"url\":\"https:\/\/blumi.photo\/sk\/\",\"logo\":{\"@type\":\"ImageObject\",\"inLanguage\":\"sk-SK\",\"@id\":\"https:\/\/blumi.photo\/sk\/#\/schema\/logo\/image\/\",\"url\":\"https:\/\/wwwww.blumi.photo\/wp-content\/uploads\/2023\/07\/Blumi_logo2.png\",\"contentUrl\":\"https:\/\/wwwww.blumi.photo\/wp-content\/uploads\/2023\/07\/Blumi_logo2.png\",\"width\":374,\"height\":144,\"caption\":\"blumi.photo\"},\"image\":{\"@id\":\"https:\/\/blumi.photo\/sk\/#\/schema\/logo\/image\/\"}}]}<\/script>\n<!-- \/ Yoast SEO plugin. -->","yoast_head_json":{"title":"Foto Board - blumi.photo","robots":{"index":"index","follow":"follow","max-snippet":"max-snippet:-1","max-image-preview":"max-image-preview:large","max-video-preview":"max-video-preview:-1"},"canonical":"https:\/\/blumi.photo\/sk\/fotoobrazy\/fotoboard\/","og_locale":"sk_SK","og_type":"article","og_title":"Foto Board - blumi.photo","og_description":"Informace o doru\u010den\u00ed do V\u00e1noc.Pro objedn\u00e1vky p\u0159ijat\u00e9 a uhrazen\u00e9\u00a0do 10.12.2025 garantujeme doru\u010den\u00ed do V\u00e1noc.Objedn\u00e1vky p\u0159ijat\u00e9 po tomto term\u00ednu budeme expedovat a\u017e po 6.1.2026Vyskladajte si svoj fotopr\u00edbeh Zme\u0148te svoju pr\u00e1zdnu stenu na umeleck\u00e9 dieloJednoducho a bez v\u0155tania1 diel4 diely6 dielov8 dielov","og_url":"https:\/\/blumi.photo\/sk\/fotoobrazy\/fotoboard\/","og_site_name":"blumi.photo","article_modified_time":"2025-12-03T10:50:14+00:00","twitter_card":"summary_large_image","schema":{"@context":"https:\/\/schema.org","@graph":[{"@type":"WebPage","@id":"https:\/\/blumi.photo\/sk\/fotoobrazy\/fotoboard\/","url":"https:\/\/blumi.photo\/sk\/fotoobrazy\/fotoboard\/","name":"Foto Board - blumi.photo","isPartOf":{"@id":"https:\/\/blumi.photo\/sk\/#website"},"datePublished":"2025-02-26T08:36:48+00:00","dateModified":"2025-12-03T10:50:14+00:00","breadcrumb":{"@id":"https:\/\/blumi.photo\/sk\/fotoobrazy\/fotoboard\/#breadcrumb"},"inLanguage":"sk-SK","potentialAction":[{"@type":"ReadAction","target":["https:\/\/blumi.photo\/sk\/fotoobrazy\/fotoboard\/"]}]},{"@type":"BreadcrumbList","@id":"https:\/\/blumi.photo\/sk\/fotoobrazy\/fotoboard\/#breadcrumb","itemListElement":[{"@type":"ListItem","position":1,"name":"Home","item":"https:\/\/blumi.photo\/sk\/"},{"@type":"ListItem","position":2,"name":"Fotoobrazy","item":"https:\/\/blumi.photo\/sk\/wall-art\/"},{"@type":"ListItem","position":3,"name":"Foto Board"}]},{"@type":"WebSite","@id":"https:\/\/blumi.photo\/sk\/#website","url":"https:\/\/blumi.photo\/sk\/","name":"blumi.photo","description":"Photobook | Canvas | Photocalendar","publisher":{"@id":"https:\/\/blumi.photo\/sk\/#organization"},"potentialAction":[{"@type":"SearchAction","target":{"@type":"EntryPoint","urlTemplate":"https:\/\/blumi.photo\/sk\/?s={search_term_string}"},"query-input":{"@type":"PropertyValueSpecification","valueRequired":true,"valueName":"search_term_string"}}],"inLanguage":"sk-SK"},{"@type":"Organization","@id":"https:\/\/blumi.photo\/sk\/#organization","name":"blumi.photo","url":"https:\/\/blumi.photo\/sk\/","logo":{"@type":"ImageObject","inLanguage":"sk-SK","@id":"https:\/\/blumi.photo\/sk\/#\/schema\/logo\/image\/","url":"https:\/\/wwwww.blumi.photo\/wp-content\/uploads\/2023\/07\/Blumi_logo2.png","contentUrl":"https:\/\/wwwww.blumi.photo\/wp-content\/uploads\/2023\/07\/Blumi_logo2.png","width":374,"height":144,"caption":"blumi.photo"},"image":{"@id":"https:\/\/blumi.photo\/sk\/#\/schema\/logo\/image\/"}}]}},"_links":{"self":[{"href":"https:\/\/blumi.photo\/sk\/wp-json\/wp\/v2\/pages\/12268","targetHints":{"allow":["GET"]}}],"collection":[{"href":"https:\/\/blumi.photo\/sk\/wp-json\/wp\/v2\/pages"}],"about":[{"href":"https:\/\/blumi.photo\/sk\/wp-json\/wp\/v2\/types\/page"}],"author":[{"embeddable":true,"href":"https:\/\/blumi.photo\/sk\/wp-json\/wp\/v2\/users\/1"}],"replies":[{"embeddable":true,"href":"https:\/\/blumi.photo\/sk\/wp-json\/wp\/v2\/comments?post=12268"}],"version-history":[{"count":6,"href":"https:\/\/blumi.photo\/sk\/wp-json\/wp\/v2\/pages\/12268\/revisions"}],"predecessor-version":[{"id":12607,"href":"https:\/\/blumi.photo\/sk\/wp-json\/wp\/v2\/pages\/12268\/revisions\/12607"}],"up":[{"embeddable":true,"href":"https:\/\/blumi.photo\/sk\/wp-json\/wp\/v2\/pages\/2249"}],"wp:attachment":[{"href":"https:\/\/blumi.photo\/sk\/wp-json\/wp\/v2\/media?parent=12268"}],"curies":[{"name":"wp","href":"https:\/\/api.w.org\/{rel}","templated":true}]}}