{"id":8329,"date":"2023-07-26T16:59:58","date_gmt":"2023-07-26T14:59:58","guid":{"rendered":"https:\/\/wwwww.blumi.photo\/?post_type=product&#038;p=8329"},"modified":"2023-11-24T14:58:36","modified_gmt":"2023-11-24T13:58:36","slug":"utalvany-newborn-vaszonkep","status":"publish","type":"product","link":"https:\/\/blumi.photo\/hu\/produkt\/utalvany-newborn-vaszonkep\/","title":{"rendered":"Utalv\u00e1ny &#8211; Newborn v\u00e1szonk\u00e9p"},"content":{"rendered":"<div class=\"decor-heading\">\n<h3>Egyed\u00fcl\u00e1ll\u00f3 v\u00e1szon eml\u00e9k a kisbab\u00e1d sz\u00fclet\u00e9s\u00e9r\u0151l<\/h3>\n<\/div>\n<div class=\"decor-caption\">A kisbab\u00e1dr\u00f3l k\u00e9sz\u00fclt k\u00e9pre sz\u00f3l\u00f3 utalv\u00e1nyt 40&#215;60 cm-es v\u00e1szonra nyomtatjuk, melyet fa keretre fesz\u00edt\u00fcnk.<br \/>\nA mi online okosszerkeszt\u0151nkben fot\u00f3k \u00e9s nevek mellett olyan fontos adatokat is hozz\u00e1adhatsz a v\u00e1szonk\u00e9phez, mint a sz\u00fclet\u00e9si d\u00e1tum, baba magass\u00e1ga \u00e9s s\u00falya.<\/div>\n<div>Sz\u00e1mos k\u00e9sz st\u00edlus k\u00f6z\u00fcl v\u00e1laszthatsz.<\/div>\n","protected":false},"excerpt":{"rendered":"<p><strong>Egyed\u00fcl\u00e1ll\u00f3 \u00fajsz\u00fcl\u00f6tt v\u00e1szonk\u00e9pek a kisbab\u00e1dnak<br \/>\n<\/strong><strong>F\u00e9nyk\u00e9pek sz\u00e1ma<\/strong>: 1-4<br \/>\n<strong>Szerkeszt\u00e9si id\u0151<\/strong>: kb 5-10 perc<br \/>\n<strong>V\u00e1szonra<\/strong> nyomtat\u00e1s<br \/>\n<strong>Sz\u00e1ll\u00edt\u00e1s \u00e1ra<\/strong>: Inygenes<\/p>\n","protected":false},"featured_media":10645,"comment_status":"open","ping_status":"closed","template":"","meta":{"_et_pb_use_builder":"","_et_pb_old_content":"","_et_gb_content_width":""},"product_brand":[],"product_cat":[218],"product_tag":[],"class_list":{"0":"post-8329","1":"product","2":"type-product","3":"status-publish","4":"has-post-thumbnail","6":"product_cat-vaszonkep","8":"first","9":"instock","10":"sale","11":"downloadable","12":"virtual","13":"taxable","14":"purchasable","15":"product-type-simple"},"yoast_head":"<!-- This site is optimized with the Yoast SEO plugin v27.0 - https:\/\/yoast.com\/product\/yoast-seo-wordpress\/ -->\n<title>Utalv\u00e1ny - Newborn v\u00e1szonk\u00e9p - blumi.photo<\/title>\n<meta name=\"robots\" content=\"index, follow, max-snippet:-1, max-image-preview:large, max-video-preview:-1\" \/>\n<link rel=\"canonical\" href=\"https:\/\/blumi.photo\/hu\/produkt\/utalvany-newborn-vaszonkep\/\" \/>\n<meta property=\"og:locale\" content=\"hu_HU\" \/>\n<meta property=\"og:type\" content=\"article\" \/>\n<meta property=\"og:title\" content=\"Utalv\u00e1ny - Newborn v\u00e1szonk\u00e9p - blumi.photo\" \/>\n<meta property=\"og:description\" content=\"Egyed\u00fcl\u00e1ll\u00f3 \u00fajsz\u00fcl\u00f6tt v\u00e1szonk\u00e9pek a kisbab\u00e1dnak F\u00e9nyk\u00e9pek sz\u00e1ma: 1-4 Szerkeszt\u00e9si id\u0151: kb 5-10 perc V\u00e1szonra nyomtat\u00e1s Sz\u00e1ll\u00edt\u00e1s \u00e1ra: Inygenes\" \/>\n<meta property=\"og:url\" content=\"https:\/\/blumi.photo\/hu\/produkt\/utalvany-newborn-vaszonkep\/\" \/>\n<meta property=\"og:site_name\" content=\"blumi.photo\" \/>\n<meta property=\"article:modified_time\" content=\"2023-11-24T13:58:36+00:00\" \/>\n<meta property=\"og:image\" content=\"https:\/\/blumi.photo\/wp-content\/uploads\/2023\/07\/canvas-newborn-green1.png\" \/>\n\t<meta property=\"og:image:width\" content=\"900\" \/>\n\t<meta property=\"og:image:height\" content=\"900\" \/>\n\t<meta property=\"og:image:type\" content=\"image\/png\" \/>\n<meta name=\"twitter:card\" content=\"summary_large_image\" \/>\n<meta name=\"twitter:label1\" content=\"Becs\u00fclt olvas\u00e1si id\u0151\" \/>\n\t<meta name=\"twitter:data1\" content=\"1 perc\" \/>\n<script type=\"application\/ld+json\" class=\"yoast-schema-graph\">{\"@context\":\"https:\/\/schema.org\",\"@graph\":[{\"@type\":\"WebPage\",\"@id\":\"https:\/\/blumi.photo\/hu\/produkt\/utalvany-newborn-vaszonkep\/\",\"url\":\"https:\/\/blumi.photo\/hu\/produkt\/utalvany-newborn-vaszonkep\/\",\"name\":\"Utalv\u00e1ny - Newborn v\u00e1szonk\u00e9p - blumi.photo\",\"isPartOf\":{\"@id\":\"https:\/\/blumi.photo\/hu\/#website\"},\"primaryImageOfPage\":{\"@id\":\"https:\/\/blumi.photo\/hu\/produkt\/utalvany-newborn-vaszonkep\/#primaryimage\"},\"image\":{\"@id\":\"https:\/\/blumi.photo\/hu\/produkt\/utalvany-newborn-vaszonkep\/#primaryimage\"},\"thumbnailUrl\":\"https:\/\/blumi.photo\/wp-content\/uploads\/2023\/07\/canvas-newborn-green1.png\",\"datePublished\":\"2023-07-26T14:59:58+00:00\",\"dateModified\":\"2023-11-24T13:58:36+00:00\",\"breadcrumb\":{\"@id\":\"https:\/\/blumi.photo\/hu\/produkt\/utalvany-newborn-vaszonkep\/#breadcrumb\"},\"inLanguage\":\"hu\",\"potentialAction\":[{\"@type\":\"ReadAction\",\"target\":[\"https:\/\/blumi.photo\/hu\/produkt\/utalvany-newborn-vaszonkep\/\"]}]},{\"@type\":\"ImageObject\",\"inLanguage\":\"hu\",\"@id\":\"https:\/\/blumi.photo\/hu\/produkt\/utalvany-newborn-vaszonkep\/#primaryimage\",\"url\":\"https:\/\/blumi.photo\/wp-content\/uploads\/2023\/07\/canvas-newborn-green1.png\",\"contentUrl\":\"https:\/\/blumi.photo\/wp-content\/uploads\/2023\/07\/canvas-newborn-green1.png\",\"width\":900,\"height\":900},{\"@type\":\"BreadcrumbList\",\"@id\":\"https:\/\/blumi.photo\/hu\/produkt\/utalvany-newborn-vaszonkep\/#breadcrumb\",\"itemListElement\":[{\"@type\":\"ListItem\",\"position\":1,\"name\":\"Home\",\"item\":\"https:\/\/blumi.photo\/hu\/\"},{\"@type\":\"ListItem\",\"position\":2,\"name\":\"Shop\",\"item\":\"https:\/\/blumi.photo\/hu\/shop\/\"},{\"@type\":\"ListItem\",\"position\":3,\"name\":\"Utalv\u00e1ny &#8211; Newborn v\u00e1szonk\u00e9p\"}]},{\"@type\":\"WebSite\",\"@id\":\"https:\/\/blumi.photo\/hu\/#website\",\"url\":\"https:\/\/blumi.photo\/hu\/\",\"name\":\"blumi.photo\",\"description\":\"Photobook | Canvas | Photocalendar\",\"publisher\":{\"@id\":\"https:\/\/blumi.photo\/hu\/#organization\"},\"potentialAction\":[{\"@type\":\"SearchAction\",\"target\":{\"@type\":\"EntryPoint\",\"urlTemplate\":\"https:\/\/blumi.photo\/hu\/?s={search_term_string}\"},\"query-input\":{\"@type\":\"PropertyValueSpecification\",\"valueRequired\":true,\"valueName\":\"search_term_string\"}}],\"inLanguage\":\"hu\"},{\"@type\":\"Organization\",\"@id\":\"https:\/\/blumi.photo\/hu\/#organization\",\"name\":\"blumi.photo\",\"url\":\"https:\/\/blumi.photo\/hu\/\",\"logo\":{\"@type\":\"ImageObject\",\"inLanguage\":\"hu\",\"@id\":\"https:\/\/blumi.photo\/hu\/#\/schema\/logo\/image\/\",\"url\":\"https:\/\/wwwww.blumi.photo\/wp-content\/uploads\/2023\/07\/Blumi_logo2.png\",\"contentUrl\":\"https:\/\/wwwww.blumi.photo\/wp-content\/uploads\/2023\/07\/Blumi_logo2.png\",\"width\":374,\"height\":144,\"caption\":\"blumi.photo\"},\"image\":{\"@id\":\"https:\/\/blumi.photo\/hu\/#\/schema\/logo\/image\/\"}}]}<\/script>\n<!-- \/ Yoast SEO plugin. -->","yoast_head_json":{"title":"Utalv\u00e1ny - Newborn v\u00e1szonk\u00e9p - blumi.photo","robots":{"index":"index","follow":"follow","max-snippet":"max-snippet:-1","max-image-preview":"max-image-preview:large","max-video-preview":"max-video-preview:-1"},"canonical":"https:\/\/blumi.photo\/hu\/produkt\/utalvany-newborn-vaszonkep\/","og_locale":"hu_HU","og_type":"article","og_title":"Utalv\u00e1ny - Newborn v\u00e1szonk\u00e9p - blumi.photo","og_description":"Egyed\u00fcl\u00e1ll\u00f3 \u00fajsz\u00fcl\u00f6tt v\u00e1szonk\u00e9pek a kisbab\u00e1dnak F\u00e9nyk\u00e9pek sz\u00e1ma: 1-4 Szerkeszt\u00e9si id\u0151: kb 5-10 perc V\u00e1szonra nyomtat\u00e1s Sz\u00e1ll\u00edt\u00e1s \u00e1ra: Inygenes","og_url":"https:\/\/blumi.photo\/hu\/produkt\/utalvany-newborn-vaszonkep\/","og_site_name":"blumi.photo","article_modified_time":"2023-11-24T13:58:36+00:00","og_image":[{"width":900,"height":900,"url":"https:\/\/blumi.photo\/wp-content\/uploads\/2023\/07\/canvas-newborn-green1.png","type":"image\/png"}],"twitter_card":"summary_large_image","twitter_misc":{"Becs\u00fclt olvas\u00e1si id\u0151":"1 perc"},"schema":{"@context":"https:\/\/schema.org","@graph":[{"@type":"WebPage","@id":"https:\/\/blumi.photo\/hu\/produkt\/utalvany-newborn-vaszonkep\/","url":"https:\/\/blumi.photo\/hu\/produkt\/utalvany-newborn-vaszonkep\/","name":"Utalv\u00e1ny - Newborn v\u00e1szonk\u00e9p - blumi.photo","isPartOf":{"@id":"https:\/\/blumi.photo\/hu\/#website"},"primaryImageOfPage":{"@id":"https:\/\/blumi.photo\/hu\/produkt\/utalvany-newborn-vaszonkep\/#primaryimage"},"image":{"@id":"https:\/\/blumi.photo\/hu\/produkt\/utalvany-newborn-vaszonkep\/#primaryimage"},"thumbnailUrl":"https:\/\/blumi.photo\/wp-content\/uploads\/2023\/07\/canvas-newborn-green1.png","datePublished":"2023-07-26T14:59:58+00:00","dateModified":"2023-11-24T13:58:36+00:00","breadcrumb":{"@id":"https:\/\/blumi.photo\/hu\/produkt\/utalvany-newborn-vaszonkep\/#breadcrumb"},"inLanguage":"hu","potentialAction":[{"@type":"ReadAction","target":["https:\/\/blumi.photo\/hu\/produkt\/utalvany-newborn-vaszonkep\/"]}]},{"@type":"ImageObject","inLanguage":"hu","@id":"https:\/\/blumi.photo\/hu\/produkt\/utalvany-newborn-vaszonkep\/#primaryimage","url":"https:\/\/blumi.photo\/wp-content\/uploads\/2023\/07\/canvas-newborn-green1.png","contentUrl":"https:\/\/blumi.photo\/wp-content\/uploads\/2023\/07\/canvas-newborn-green1.png","width":900,"height":900},{"@type":"BreadcrumbList","@id":"https:\/\/blumi.photo\/hu\/produkt\/utalvany-newborn-vaszonkep\/#breadcrumb","itemListElement":[{"@type":"ListItem","position":1,"name":"Home","item":"https:\/\/blumi.photo\/hu\/"},{"@type":"ListItem","position":2,"name":"Shop","item":"https:\/\/blumi.photo\/hu\/shop\/"},{"@type":"ListItem","position":3,"name":"Utalv\u00e1ny &#8211; Newborn v\u00e1szonk\u00e9p"}]},{"@type":"WebSite","@id":"https:\/\/blumi.photo\/hu\/#website","url":"https:\/\/blumi.photo\/hu\/","name":"blumi.photo","description":"Photobook | Canvas | Photocalendar","publisher":{"@id":"https:\/\/blumi.photo\/hu\/#organization"},"potentialAction":[{"@type":"SearchAction","target":{"@type":"EntryPoint","urlTemplate":"https:\/\/blumi.photo\/hu\/?s={search_term_string}"},"query-input":{"@type":"PropertyValueSpecification","valueRequired":true,"valueName":"search_term_string"}}],"inLanguage":"hu"},{"@type":"Organization","@id":"https:\/\/blumi.photo\/hu\/#organization","name":"blumi.photo","url":"https:\/\/blumi.photo\/hu\/","logo":{"@type":"ImageObject","inLanguage":"hu","@id":"https:\/\/blumi.photo\/hu\/#\/schema\/logo\/image\/","url":"https:\/\/wwwww.blumi.photo\/wp-content\/uploads\/2023\/07\/Blumi_logo2.png","contentUrl":"https:\/\/wwwww.blumi.photo\/wp-content\/uploads\/2023\/07\/Blumi_logo2.png","width":374,"height":144,"caption":"blumi.photo"},"image":{"@id":"https:\/\/blumi.photo\/hu\/#\/schema\/logo\/image\/"}}]}},"_links":{"self":[{"href":"https:\/\/blumi.photo\/hu\/wp-json\/wp\/v2\/product\/8329","targetHints":{"allow":["GET"]}}],"collection":[{"href":"https:\/\/blumi.photo\/hu\/wp-json\/wp\/v2\/product"}],"about":[{"href":"https:\/\/blumi.photo\/hu\/wp-json\/wp\/v2\/types\/product"}],"replies":[{"embeddable":true,"href":"https:\/\/blumi.photo\/hu\/wp-json\/wp\/v2\/comments?post=8329"}],"wp:featuredmedia":[{"embeddable":true,"href":"https:\/\/blumi.photo\/hu\/wp-json\/wp\/v2\/media\/10645"}],"wp:attachment":[{"href":"https:\/\/blumi.photo\/hu\/wp-json\/wp\/v2\/media?parent=8329"}],"wp:term":[{"taxonomy":"product_brand","embeddable":true,"href":"https:\/\/blumi.photo\/hu\/wp-json\/wp\/v2\/product_brand?post=8329"},{"taxonomy":"product_cat","embeddable":true,"href":"https:\/\/blumi.photo\/hu\/wp-json\/wp\/v2\/product_cat?post=8329"},{"taxonomy":"product_tag","embeddable":true,"href":"https:\/\/blumi.photo\/hu\/wp-json\/wp\/v2\/product_tag?post=8329"}],"curies":[{"name":"wp","href":"https:\/\/api.w.org\/{rel}","templated":true}]}}