{"id":7413,"date":"2023-07-19T09:33:54","date_gmt":"2023-07-19T07:33:54","guid":{"rendered":"https:\/\/wwwww.blumi.photo\/?post_type=product&#038;p=7413"},"modified":"2025-01-27T20:07:29","modified_gmt":"2025-01-27T19:07:29","slug":"utalvany-fali-fotonaptar","status":"publish","type":"product","link":"https:\/\/blumi.photo\/hu\/produkt\/utalvany-fali-fotonaptar\/","title":{"rendered":"Utalv\u00e1ny &#8211; Fali fot\u00f3napt\u00e1r"},"content":{"rendered":"<p><span style=\"font-weight: 400;\">Fali napt\u00e1rak<br \/>\n<\/span><span style=\"font-weight: 400;\">V\u00e1lassz a t\u00f6bb fajta m\u00e9retb\u0151l \u00e9s sz\u00e1mos k\u00e9sz st\u00edlus k\u00f6z\u00fcl, amelyeket m\u00f3dos\u00edthatod, vagy k\u00e9sz\u00edts egy saj\u00e1t st\u00edlust.<br \/>\n<\/span><span style=\"font-weight: 400;\">Mindegyik st\u00edlushoz tematikus clipartok \u00e9s h\u00e1tterek tartoznak. V\u00e1laszd ki azt, amelyik a legjobban megfelel.<\/span><\/p>\n<p>M\u00e9retek<br \/>\nhavi A3 \u00e1ll\u00f3 45x32cm, havi A3 fekv\u0151 32x45cm<\/p>\n<p><span style=\"font-weight: 400;\">Napt\u00e1rtervez\u00e9s egyszer\u0171en \u00e9s gyorsan<br \/>\n<\/span><span style=\"font-weight: 400;\">Egyetlen kattint\u00e1ssal testreszabhatod a f\u00e9nyk\u00e9pek elrendez\u00e9s\u00e9t.<br \/>\n<\/span><span style=\"font-weight: 400;\">Adj korl\u00e1tlan sz\u00e1m\u00fa fot\u00f3t a napt\u00e1rba.<\/span><\/p>\n<p><span style=\"font-weight: 400;\">Jel\u00f6ld be a fontos d\u00e1tumokat<br \/>\n<\/span><span style=\"font-weight: 400;\">Jel\u00f6ld meg a sz\u00fclet\u00e9snapokat, \u00fcnnepeket, csal\u00e1di \u00e9vfordul\u00f3kat, h\u00e1zass\u00e1gi \u00e9vfordul\u00f3kat \u00e9s m\u00e1s fontos d\u00e1tumokat a napt\u00e1radba, mentsd el hogy minden \u00e9vben \u00fajra felhaszn\u00e1lhatod az \u00faj napt\u00e1radba.<\/span><\/p>\n<p><span style=\"font-weight: 400;\">A napt\u00e1r kezdete<br \/>\n<\/span><span style=\"font-weight: 400;\">A napt\u00e1rnak nem kell janu\u00e1r 1-j\u00e9n kezd\u0151dnie.<br \/>\n<\/span><span style=\"font-weight: 400;\">Napt\u00e1rt elk\u00e9sz\u00edtheted a tan\u00e9v elej\u00e9t\u0151l, vagy p\u00e9ld\u00e1ul a horg\u00e1szszezon eleje szerint. Rajtad m\u00falik, hogy melyik h\u00f3napban kezd\u0151dik a napt\u00e1r.<\/span><\/p>\n","protected":false},"excerpt":{"rendered":"<p><img decoding=\"async\" src=\"https:\/\/blumi.photo\/img\/cms\/landingpage\/ICO\/images.png\" alt=\"\" \/><strong>K\u00e9p sz\u00e1m:<\/strong> min. 13-t\u00f3l korl\u00e1tlan<br \/>\n<strong>Elk\u00e9sz\u00edt\u00e9si id\u0151:<\/strong> kb. 10-15 perc<br \/>\n<strong>A napt\u00e1r kezd\u00e9se <\/strong>b\u00e1rmely h\u00f3napban<br \/>\n<span style=\"font-weight: 400;\">Pr\u00e9mium, f\u00e9l matt, 170g pap\u00edrra nyomtatunk<br \/>\nFeh\u00e9r spir\u00e1los k\u00f6t\u00e9s akaszt\u00f3val<\/span><\/p>\n","protected":false},"featured_media":10582,"comment_status":"open","ping_status":"closed","template":"","meta":{"_et_pb_use_builder":"off","_et_pb_old_content":"","_et_gb_content_width":""},"product_brand":[],"product_cat":[219],"product_tag":[],"class_list":{"0":"post-7413","1":"product","2":"type-product","3":"status-publish","4":"has-post-thumbnail","6":"product_cat-fotonaptarak","8":"first","9":"outofstock","10":"sale","11":"taxable","12":"shipping-taxable","13":"purchasable","14":"product-type-variable","15":"has-default-attributes"},"yoast_head":"<!-- This site is optimized with the Yoast SEO plugin v27.0 - https:\/\/yoast.com\/product\/yoast-seo-wordpress\/ -->\n<title>Utalv\u00e1ny - Fali fot\u00f3napt\u00e1r - blumi.photo<\/title>\n<meta name=\"robots\" content=\"index, follow, max-snippet:-1, max-image-preview:large, max-video-preview:-1\" \/>\n<link rel=\"canonical\" href=\"https:\/\/blumi.photo\/hu\/produkt\/utalvany-fali-fotonaptar\/\" \/>\n<meta property=\"og:locale\" content=\"hu_HU\" \/>\n<meta property=\"og:type\" content=\"article\" \/>\n<meta property=\"og:title\" content=\"Utalv\u00e1ny - Fali fot\u00f3napt\u00e1r - blumi.photo\" \/>\n<meta property=\"og:description\" content=\"K\u00e9p sz\u00e1m: min. 13-t\u00f3l korl\u00e1tlan Elk\u00e9sz\u00edt\u00e9si id\u0151: kb. 10-15 perc A napt\u00e1r kezd\u00e9se b\u00e1rmely h\u00f3napban Pr\u00e9mium, f\u00e9l matt, 170g pap\u00edrra nyomtatunk Feh\u00e9r spir\u00e1los k\u00f6t\u00e9s akaszt\u00f3val\" \/>\n<meta property=\"og:url\" content=\"https:\/\/blumi.photo\/hu\/produkt\/utalvany-fali-fotonaptar\/\" \/>\n<meta property=\"og:site_name\" content=\"blumi.photo\" \/>\n<meta property=\"article:modified_time\" content=\"2025-01-27T19:07:29+00:00\" \/>\n<meta property=\"og:image\" content=\"https:\/\/blumi.photo\/wp-content\/uploads\/2023\/07\/WP-A3-A3f-hu.png\" \/>\n\t<meta property=\"og:image:width\" content=\"900\" \/>\n\t<meta property=\"og:image:height\" content=\"900\" \/>\n\t<meta property=\"og:image:type\" content=\"image\/png\" \/>\n<meta name=\"twitter:card\" content=\"summary_large_image\" \/>\n<meta name=\"twitter:label1\" content=\"Becs\u00fclt olvas\u00e1si id\u0151\" \/>\n\t<meta name=\"twitter:data1\" content=\"1 perc\" \/>\n<script type=\"application\/ld+json\" class=\"yoast-schema-graph\">{\"@context\":\"https:\/\/schema.org\",\"@graph\":[{\"@type\":\"WebPage\",\"@id\":\"https:\/\/blumi.photo\/hu\/produkt\/utalvany-fali-fotonaptar\/\",\"url\":\"https:\/\/blumi.photo\/hu\/produkt\/utalvany-fali-fotonaptar\/\",\"name\":\"Utalv\u00e1ny - Fali fot\u00f3napt\u00e1r - blumi.photo\",\"isPartOf\":{\"@id\":\"https:\/\/blumi.photo\/hu\/#website\"},\"primaryImageOfPage\":{\"@id\":\"https:\/\/blumi.photo\/hu\/produkt\/utalvany-fali-fotonaptar\/#primaryimage\"},\"image\":{\"@id\":\"https:\/\/blumi.photo\/hu\/produkt\/utalvany-fali-fotonaptar\/#primaryimage\"},\"thumbnailUrl\":\"https:\/\/blumi.photo\/wp-content\/uploads\/2023\/07\/WP-A3-A3f-hu.png\",\"datePublished\":\"2023-07-19T07:33:54+00:00\",\"dateModified\":\"2025-01-27T19:07:29+00:00\",\"breadcrumb\":{\"@id\":\"https:\/\/blumi.photo\/hu\/produkt\/utalvany-fali-fotonaptar\/#breadcrumb\"},\"inLanguage\":\"hu\",\"potentialAction\":[{\"@type\":\"ReadAction\",\"target\":[\"https:\/\/blumi.photo\/hu\/produkt\/utalvany-fali-fotonaptar\/\"]}]},{\"@type\":\"ImageObject\",\"inLanguage\":\"hu\",\"@id\":\"https:\/\/blumi.photo\/hu\/produkt\/utalvany-fali-fotonaptar\/#primaryimage\",\"url\":\"https:\/\/blumi.photo\/wp-content\/uploads\/2023\/07\/WP-A3-A3f-hu.png\",\"contentUrl\":\"https:\/\/blumi.photo\/wp-content\/uploads\/2023\/07\/WP-A3-A3f-hu.png\",\"width\":900,\"height\":900},{\"@type\":\"BreadcrumbList\",\"@id\":\"https:\/\/blumi.photo\/hu\/produkt\/utalvany-fali-fotonaptar\/#breadcrumb\",\"itemListElement\":[{\"@type\":\"ListItem\",\"position\":1,\"name\":\"Home\",\"item\":\"https:\/\/blumi.photo\/hu\/\"},{\"@type\":\"ListItem\",\"position\":2,\"name\":\"Shop\",\"item\":\"https:\/\/blumi.photo\/hu\/shop\/\"},{\"@type\":\"ListItem\",\"position\":3,\"name\":\"Utalv\u00e1ny &#8211; Fali fot\u00f3napt\u00e1r\"}]},{\"@type\":\"WebSite\",\"@id\":\"https:\/\/blumi.photo\/hu\/#website\",\"url\":\"https:\/\/blumi.photo\/hu\/\",\"name\":\"blumi.photo\",\"description\":\"Photobook | Canvas | Photocalendar\",\"publisher\":{\"@id\":\"https:\/\/blumi.photo\/hu\/#organization\"},\"potentialAction\":[{\"@type\":\"SearchAction\",\"target\":{\"@type\":\"EntryPoint\",\"urlTemplate\":\"https:\/\/blumi.photo\/hu\/?s={search_term_string}\"},\"query-input\":{\"@type\":\"PropertyValueSpecification\",\"valueRequired\":true,\"valueName\":\"search_term_string\"}}],\"inLanguage\":\"hu\"},{\"@type\":\"Organization\",\"@id\":\"https:\/\/blumi.photo\/hu\/#organization\",\"name\":\"blumi.photo\",\"url\":\"https:\/\/blumi.photo\/hu\/\",\"logo\":{\"@type\":\"ImageObject\",\"inLanguage\":\"hu\",\"@id\":\"https:\/\/blumi.photo\/hu\/#\/schema\/logo\/image\/\",\"url\":\"https:\/\/wwwww.blumi.photo\/wp-content\/uploads\/2023\/07\/Blumi_logo2.png\",\"contentUrl\":\"https:\/\/wwwww.blumi.photo\/wp-content\/uploads\/2023\/07\/Blumi_logo2.png\",\"width\":374,\"height\":144,\"caption\":\"blumi.photo\"},\"image\":{\"@id\":\"https:\/\/blumi.photo\/hu\/#\/schema\/logo\/image\/\"}}]}<\/script>\n<!-- \/ Yoast SEO plugin. -->","yoast_head_json":{"title":"Utalv\u00e1ny - Fali fot\u00f3napt\u00e1r - blumi.photo","robots":{"index":"index","follow":"follow","max-snippet":"max-snippet:-1","max-image-preview":"max-image-preview:large","max-video-preview":"max-video-preview:-1"},"canonical":"https:\/\/blumi.photo\/hu\/produkt\/utalvany-fali-fotonaptar\/","og_locale":"hu_HU","og_type":"article","og_title":"Utalv\u00e1ny - Fali fot\u00f3napt\u00e1r - blumi.photo","og_description":"K\u00e9p sz\u00e1m: min. 13-t\u00f3l korl\u00e1tlan Elk\u00e9sz\u00edt\u00e9si id\u0151: kb. 10-15 perc A napt\u00e1r kezd\u00e9se b\u00e1rmely h\u00f3napban Pr\u00e9mium, f\u00e9l matt, 170g pap\u00edrra nyomtatunk Feh\u00e9r spir\u00e1los k\u00f6t\u00e9s akaszt\u00f3val","og_url":"https:\/\/blumi.photo\/hu\/produkt\/utalvany-fali-fotonaptar\/","og_site_name":"blumi.photo","article_modified_time":"2025-01-27T19:07:29+00:00","og_image":[{"width":900,"height":900,"url":"https:\/\/blumi.photo\/wp-content\/uploads\/2023\/07\/WP-A3-A3f-hu.png","type":"image\/png"}],"twitter_card":"summary_large_image","twitter_misc":{"Becs\u00fclt olvas\u00e1si id\u0151":"1 perc"},"schema":{"@context":"https:\/\/schema.org","@graph":[{"@type":"WebPage","@id":"https:\/\/blumi.photo\/hu\/produkt\/utalvany-fali-fotonaptar\/","url":"https:\/\/blumi.photo\/hu\/produkt\/utalvany-fali-fotonaptar\/","name":"Utalv\u00e1ny - Fali fot\u00f3napt\u00e1r - blumi.photo","isPartOf":{"@id":"https:\/\/blumi.photo\/hu\/#website"},"primaryImageOfPage":{"@id":"https:\/\/blumi.photo\/hu\/produkt\/utalvany-fali-fotonaptar\/#primaryimage"},"image":{"@id":"https:\/\/blumi.photo\/hu\/produkt\/utalvany-fali-fotonaptar\/#primaryimage"},"thumbnailUrl":"https:\/\/blumi.photo\/wp-content\/uploads\/2023\/07\/WP-A3-A3f-hu.png","datePublished":"2023-07-19T07:33:54+00:00","dateModified":"2025-01-27T19:07:29+00:00","breadcrumb":{"@id":"https:\/\/blumi.photo\/hu\/produkt\/utalvany-fali-fotonaptar\/#breadcrumb"},"inLanguage":"hu","potentialAction":[{"@type":"ReadAction","target":["https:\/\/blumi.photo\/hu\/produkt\/utalvany-fali-fotonaptar\/"]}]},{"@type":"ImageObject","inLanguage":"hu","@id":"https:\/\/blumi.photo\/hu\/produkt\/utalvany-fali-fotonaptar\/#primaryimage","url":"https:\/\/blumi.photo\/wp-content\/uploads\/2023\/07\/WP-A3-A3f-hu.png","contentUrl":"https:\/\/blumi.photo\/wp-content\/uploads\/2023\/07\/WP-A3-A3f-hu.png","width":900,"height":900},{"@type":"BreadcrumbList","@id":"https:\/\/blumi.photo\/hu\/produkt\/utalvany-fali-fotonaptar\/#breadcrumb","itemListElement":[{"@type":"ListItem","position":1,"name":"Home","item":"https:\/\/blumi.photo\/hu\/"},{"@type":"ListItem","position":2,"name":"Shop","item":"https:\/\/blumi.photo\/hu\/shop\/"},{"@type":"ListItem","position":3,"name":"Utalv\u00e1ny &#8211; Fali fot\u00f3napt\u00e1r"}]},{"@type":"WebSite","@id":"https:\/\/blumi.photo\/hu\/#website","url":"https:\/\/blumi.photo\/hu\/","name":"blumi.photo","description":"Photobook | Canvas | Photocalendar","publisher":{"@id":"https:\/\/blumi.photo\/hu\/#organization"},"potentialAction":[{"@type":"SearchAction","target":{"@type":"EntryPoint","urlTemplate":"https:\/\/blumi.photo\/hu\/?s={search_term_string}"},"query-input":{"@type":"PropertyValueSpecification","valueRequired":true,"valueName":"search_term_string"}}],"inLanguage":"hu"},{"@type":"Organization","@id":"https:\/\/blumi.photo\/hu\/#organization","name":"blumi.photo","url":"https:\/\/blumi.photo\/hu\/","logo":{"@type":"ImageObject","inLanguage":"hu","@id":"https:\/\/blumi.photo\/hu\/#\/schema\/logo\/image\/","url":"https:\/\/wwwww.blumi.photo\/wp-content\/uploads\/2023\/07\/Blumi_logo2.png","contentUrl":"https:\/\/wwwww.blumi.photo\/wp-content\/uploads\/2023\/07\/Blumi_logo2.png","width":374,"height":144,"caption":"blumi.photo"},"image":{"@id":"https:\/\/blumi.photo\/hu\/#\/schema\/logo\/image\/"}}]}},"_links":{"self":[{"href":"https:\/\/blumi.photo\/hu\/wp-json\/wp\/v2\/product\/7413","targetHints":{"allow":["GET"]}}],"collection":[{"href":"https:\/\/blumi.photo\/hu\/wp-json\/wp\/v2\/product"}],"about":[{"href":"https:\/\/blumi.photo\/hu\/wp-json\/wp\/v2\/types\/product"}],"replies":[{"embeddable":true,"href":"https:\/\/blumi.photo\/hu\/wp-json\/wp\/v2\/comments?post=7413"}],"wp:featuredmedia":[{"embeddable":true,"href":"https:\/\/blumi.photo\/hu\/wp-json\/wp\/v2\/media\/10582"}],"wp:attachment":[{"href":"https:\/\/blumi.photo\/hu\/wp-json\/wp\/v2\/media?parent=7413"}],"wp:term":[{"taxonomy":"product_brand","embeddable":true,"href":"https:\/\/blumi.photo\/hu\/wp-json\/wp\/v2\/product_brand?post=7413"},{"taxonomy":"product_cat","embeddable":true,"href":"https:\/\/blumi.photo\/hu\/wp-json\/wp\/v2\/product_cat?post=7413"},{"taxonomy":"product_tag","embeddable":true,"href":"https:\/\/blumi.photo\/hu\/wp-json\/wp\/v2\/product_tag?post=7413"}],"curies":[{"name":"wp","href":"https:\/\/api.w.org\/{rel}","templated":true}]}}