{"id":7365,"date":"2023-07-18T09:48:51","date_gmt":"2023-07-18T07:48:51","guid":{"rendered":"https:\/\/wwwww.blumi.photo\/?post_type=product&#038;p=7365"},"modified":"2025-02-26T09:03:38","modified_gmt":"2025-02-26T08:03:38","slug":"foto-vaszonkepek","status":"publish","type":"product","link":"https:\/\/blumi.photo\/hu\/produkt\/foto-vaszonkepek\/","title":{"rendered":"Utalv\u00e1ny &#8211; Fot\u00f3 v\u00e1szonk\u00e9p"},"content":{"rendered":"<p>M\u00e9retek<br \/>\n40\u00d760 cm, 60\u00d760 cm, 60\u00d790 cm<\/p>\n<p><span style=\"font-weight: 400;\">F\u00e9nyk\u00e9peid v\u00e1szonra nyomtatjuk, amit fakeretre fesz\u00edt\u00fcnk. F\u00e9nyk\u00e9peid \u00fagy fognak kin\u00e9zni, mint a klasszikus festm\u00e9nyeken.<\/span><\/p>\n","protected":false},"excerpt":{"rendered":"<p><strong>K\u00e9p sz\u00e1m:<\/strong> min. 1<br \/>\n<strong>Elk\u00e9sz\u00edt\u00e9si id\u0151:<\/strong> kb 5-10 perc<br \/>\nNyomtat\u00e1s v\u00e1szonra<\/p>\n","protected":false},"featured_media":2054,"comment_status":"open","ping_status":"closed","template":"","meta":{"_et_pb_use_builder":"","_et_pb_old_content":"","_et_gb_content_width":""},"product_brand":[],"product_cat":[218],"product_tag":[],"class_list":{"0":"post-7365","1":"product","2":"type-product","3":"status-publish","4":"has-post-thumbnail","6":"product_cat-vaszonkep","8":"first","9":"instock","10":"sale","11":"taxable","12":"shipping-taxable","13":"purchasable","14":"product-type-variable","15":"has-default-attributes"},"yoast_head":"<!-- This site is optimized with the Yoast SEO plugin v27.0 - https:\/\/yoast.com\/product\/yoast-seo-wordpress\/ -->\n<title>Utalv\u00e1ny - Fot\u00f3 v\u00e1szonk\u00e9p - blumi.photo<\/title>\n<meta name=\"robots\" content=\"index, follow, max-snippet:-1, max-image-preview:large, max-video-preview:-1\" \/>\n<link rel=\"canonical\" href=\"https:\/\/blumi.photo\/hu\/produkt\/foto-vaszonkepek\/\" \/>\n<meta property=\"og:locale\" content=\"hu_HU\" \/>\n<meta property=\"og:type\" content=\"article\" \/>\n<meta property=\"og:title\" content=\"Utalv\u00e1ny - Fot\u00f3 v\u00e1szonk\u00e9p - blumi.photo\" \/>\n<meta property=\"og:description\" content=\"K\u00e9p sz\u00e1m: min. 1 Elk\u00e9sz\u00edt\u00e9si id\u0151: kb 5-10 perc Nyomtat\u00e1s v\u00e1szonra\" \/>\n<meta property=\"og:url\" content=\"https:\/\/blumi.photo\/hu\/produkt\/foto-vaszonkepek\/\" \/>\n<meta property=\"og:site_name\" content=\"blumi.photo\" \/>\n<meta property=\"article:modified_time\" content=\"2025-02-26T08:03:38+00:00\" \/>\n<meta property=\"og:image\" content=\"https:\/\/blumi.photo\/wp-content\/uploads\/2023\/07\/Canvas-single-photo.jpg\" \/>\n\t<meta property=\"og:image:width\" content=\"888\" \/>\n\t<meta property=\"og:image:height\" content=\"887\" \/>\n\t<meta property=\"og:image:type\" content=\"image\/jpeg\" \/>\n<meta name=\"twitter:card\" content=\"summary_large_image\" \/>\n<meta name=\"twitter:label1\" content=\"Becs\u00fclt olvas\u00e1si id\u0151\" \/>\n\t<meta name=\"twitter:data1\" content=\"1 perc\" \/>\n<script type=\"application\/ld+json\" class=\"yoast-schema-graph\">{\"@context\":\"https:\/\/schema.org\",\"@graph\":[{\"@type\":\"WebPage\",\"@id\":\"https:\/\/blumi.photo\/hu\/produkt\/foto-vaszonkepek\/\",\"url\":\"https:\/\/blumi.photo\/hu\/produkt\/foto-vaszonkepek\/\",\"name\":\"Utalv\u00e1ny - Fot\u00f3 v\u00e1szonk\u00e9p - blumi.photo\",\"isPartOf\":{\"@id\":\"https:\/\/blumi.photo\/hu\/#website\"},\"primaryImageOfPage\":{\"@id\":\"https:\/\/blumi.photo\/hu\/produkt\/foto-vaszonkepek\/#primaryimage\"},\"image\":{\"@id\":\"https:\/\/blumi.photo\/hu\/produkt\/foto-vaszonkepek\/#primaryimage\"},\"thumbnailUrl\":\"https:\/\/blumi.photo\/wp-content\/uploads\/2023\/07\/Canvas-single-photo.jpg\",\"datePublished\":\"2023-07-18T07:48:51+00:00\",\"dateModified\":\"2025-02-26T08:03:38+00:00\",\"breadcrumb\":{\"@id\":\"https:\/\/blumi.photo\/hu\/produkt\/foto-vaszonkepek\/#breadcrumb\"},\"inLanguage\":\"hu\",\"potentialAction\":[{\"@type\":\"ReadAction\",\"target\":[\"https:\/\/blumi.photo\/hu\/produkt\/foto-vaszonkepek\/\"]}]},{\"@type\":\"ImageObject\",\"inLanguage\":\"hu\",\"@id\":\"https:\/\/blumi.photo\/hu\/produkt\/foto-vaszonkepek\/#primaryimage\",\"url\":\"https:\/\/blumi.photo\/wp-content\/uploads\/2023\/07\/Canvas-single-photo.jpg\",\"contentUrl\":\"https:\/\/blumi.photo\/wp-content\/uploads\/2023\/07\/Canvas-single-photo.jpg\",\"width\":888,\"height\":887},{\"@type\":\"BreadcrumbList\",\"@id\":\"https:\/\/blumi.photo\/hu\/produkt\/foto-vaszonkepek\/#breadcrumb\",\"itemListElement\":[{\"@type\":\"ListItem\",\"position\":1,\"name\":\"Home\",\"item\":\"https:\/\/blumi.photo\/hu\/\"},{\"@type\":\"ListItem\",\"position\":2,\"name\":\"Shop\",\"item\":\"https:\/\/blumi.photo\/hu\/shop\/\"},{\"@type\":\"ListItem\",\"position\":3,\"name\":\"Utalv\u00e1ny &#8211; Fot\u00f3 v\u00e1szonk\u00e9p\"}]},{\"@type\":\"WebSite\",\"@id\":\"https:\/\/blumi.photo\/hu\/#website\",\"url\":\"https:\/\/blumi.photo\/hu\/\",\"name\":\"blumi.photo\",\"description\":\"Photobook | Canvas | Photocalendar\",\"publisher\":{\"@id\":\"https:\/\/blumi.photo\/hu\/#organization\"},\"potentialAction\":[{\"@type\":\"SearchAction\",\"target\":{\"@type\":\"EntryPoint\",\"urlTemplate\":\"https:\/\/blumi.photo\/hu\/?s={search_term_string}\"},\"query-input\":{\"@type\":\"PropertyValueSpecification\",\"valueRequired\":true,\"valueName\":\"search_term_string\"}}],\"inLanguage\":\"hu\"},{\"@type\":\"Organization\",\"@id\":\"https:\/\/blumi.photo\/hu\/#organization\",\"name\":\"blumi.photo\",\"url\":\"https:\/\/blumi.photo\/hu\/\",\"logo\":{\"@type\":\"ImageObject\",\"inLanguage\":\"hu\",\"@id\":\"https:\/\/blumi.photo\/hu\/#\/schema\/logo\/image\/\",\"url\":\"https:\/\/wwwww.blumi.photo\/wp-content\/uploads\/2023\/07\/Blumi_logo2.png\",\"contentUrl\":\"https:\/\/wwwww.blumi.photo\/wp-content\/uploads\/2023\/07\/Blumi_logo2.png\",\"width\":374,\"height\":144,\"caption\":\"blumi.photo\"},\"image\":{\"@id\":\"https:\/\/blumi.photo\/hu\/#\/schema\/logo\/image\/\"}}]}<\/script>\n<!-- \/ Yoast SEO plugin. -->","yoast_head_json":{"title":"Utalv\u00e1ny - Fot\u00f3 v\u00e1szonk\u00e9p - blumi.photo","robots":{"index":"index","follow":"follow","max-snippet":"max-snippet:-1","max-image-preview":"max-image-preview:large","max-video-preview":"max-video-preview:-1"},"canonical":"https:\/\/blumi.photo\/hu\/produkt\/foto-vaszonkepek\/","og_locale":"hu_HU","og_type":"article","og_title":"Utalv\u00e1ny - Fot\u00f3 v\u00e1szonk\u00e9p - blumi.photo","og_description":"K\u00e9p sz\u00e1m: min. 1 Elk\u00e9sz\u00edt\u00e9si id\u0151: kb 5-10 perc Nyomtat\u00e1s v\u00e1szonra","og_url":"https:\/\/blumi.photo\/hu\/produkt\/foto-vaszonkepek\/","og_site_name":"blumi.photo","article_modified_time":"2025-02-26T08:03:38+00:00","og_image":[{"width":888,"height":887,"url":"https:\/\/blumi.photo\/wp-content\/uploads\/2023\/07\/Canvas-single-photo.jpg","type":"image\/jpeg"}],"twitter_card":"summary_large_image","twitter_misc":{"Becs\u00fclt olvas\u00e1si id\u0151":"1 perc"},"schema":{"@context":"https:\/\/schema.org","@graph":[{"@type":"WebPage","@id":"https:\/\/blumi.photo\/hu\/produkt\/foto-vaszonkepek\/","url":"https:\/\/blumi.photo\/hu\/produkt\/foto-vaszonkepek\/","name":"Utalv\u00e1ny - Fot\u00f3 v\u00e1szonk\u00e9p - blumi.photo","isPartOf":{"@id":"https:\/\/blumi.photo\/hu\/#website"},"primaryImageOfPage":{"@id":"https:\/\/blumi.photo\/hu\/produkt\/foto-vaszonkepek\/#primaryimage"},"image":{"@id":"https:\/\/blumi.photo\/hu\/produkt\/foto-vaszonkepek\/#primaryimage"},"thumbnailUrl":"https:\/\/blumi.photo\/wp-content\/uploads\/2023\/07\/Canvas-single-photo.jpg","datePublished":"2023-07-18T07:48:51+00:00","dateModified":"2025-02-26T08:03:38+00:00","breadcrumb":{"@id":"https:\/\/blumi.photo\/hu\/produkt\/foto-vaszonkepek\/#breadcrumb"},"inLanguage":"hu","potentialAction":[{"@type":"ReadAction","target":["https:\/\/blumi.photo\/hu\/produkt\/foto-vaszonkepek\/"]}]},{"@type":"ImageObject","inLanguage":"hu","@id":"https:\/\/blumi.photo\/hu\/produkt\/foto-vaszonkepek\/#primaryimage","url":"https:\/\/blumi.photo\/wp-content\/uploads\/2023\/07\/Canvas-single-photo.jpg","contentUrl":"https:\/\/blumi.photo\/wp-content\/uploads\/2023\/07\/Canvas-single-photo.jpg","width":888,"height":887},{"@type":"BreadcrumbList","@id":"https:\/\/blumi.photo\/hu\/produkt\/foto-vaszonkepek\/#breadcrumb","itemListElement":[{"@type":"ListItem","position":1,"name":"Home","item":"https:\/\/blumi.photo\/hu\/"},{"@type":"ListItem","position":2,"name":"Shop","item":"https:\/\/blumi.photo\/hu\/shop\/"},{"@type":"ListItem","position":3,"name":"Utalv\u00e1ny &#8211; Fot\u00f3 v\u00e1szonk\u00e9p"}]},{"@type":"WebSite","@id":"https:\/\/blumi.photo\/hu\/#website","url":"https:\/\/blumi.photo\/hu\/","name":"blumi.photo","description":"Photobook | Canvas | Photocalendar","publisher":{"@id":"https:\/\/blumi.photo\/hu\/#organization"},"potentialAction":[{"@type":"SearchAction","target":{"@type":"EntryPoint","urlTemplate":"https:\/\/blumi.photo\/hu\/?s={search_term_string}"},"query-input":{"@type":"PropertyValueSpecification","valueRequired":true,"valueName":"search_term_string"}}],"inLanguage":"hu"},{"@type":"Organization","@id":"https:\/\/blumi.photo\/hu\/#organization","name":"blumi.photo","url":"https:\/\/blumi.photo\/hu\/","logo":{"@type":"ImageObject","inLanguage":"hu","@id":"https:\/\/blumi.photo\/hu\/#\/schema\/logo\/image\/","url":"https:\/\/wwwww.blumi.photo\/wp-content\/uploads\/2023\/07\/Blumi_logo2.png","contentUrl":"https:\/\/wwwww.blumi.photo\/wp-content\/uploads\/2023\/07\/Blumi_logo2.png","width":374,"height":144,"caption":"blumi.photo"},"image":{"@id":"https:\/\/blumi.photo\/hu\/#\/schema\/logo\/image\/"}}]}},"_links":{"self":[{"href":"https:\/\/blumi.photo\/hu\/wp-json\/wp\/v2\/product\/7365","targetHints":{"allow":["GET"]}}],"collection":[{"href":"https:\/\/blumi.photo\/hu\/wp-json\/wp\/v2\/product"}],"about":[{"href":"https:\/\/blumi.photo\/hu\/wp-json\/wp\/v2\/types\/product"}],"replies":[{"embeddable":true,"href":"https:\/\/blumi.photo\/hu\/wp-json\/wp\/v2\/comments?post=7365"}],"wp:featuredmedia":[{"embeddable":true,"href":"https:\/\/blumi.photo\/hu\/wp-json\/wp\/v2\/media\/2054"}],"wp:attachment":[{"href":"https:\/\/blumi.photo\/hu\/wp-json\/wp\/v2\/media?parent=7365"}],"wp:term":[{"taxonomy":"product_brand","embeddable":true,"href":"https:\/\/blumi.photo\/hu\/wp-json\/wp\/v2\/product_brand?post=7365"},{"taxonomy":"product_cat","embeddable":true,"href":"https:\/\/blumi.photo\/hu\/wp-json\/wp\/v2\/product_cat?post=7365"},{"taxonomy":"product_tag","embeddable":true,"href":"https:\/\/blumi.photo\/hu\/wp-json\/wp\/v2\/product_tag?post=7365"}],"curies":[{"name":"wp","href":"https:\/\/api.w.org\/{rel}","templated":true}]}}