{"id":2709,"date":"2023-07-12T08:38:56","date_gmt":"2023-07-12T06:38:56","guid":{"rendered":"https:\/\/wwwww.blumi.photo\/fnlp\/fotostrip\/"},"modified":"2023-07-23T20:39:58","modified_gmt":"2023-07-23T18:39:58","slug":"fotostrip","status":"publish","type":"page","link":"https:\/\/blumi.photo\/hu\/fnlp\/fotostrip\/","title":{"rendered":"FotoStrip CN"},"content":{"rendered":"<p>[et_pb_section fb_built=&#8221;1&#8243; theme_builder_area=&#8221;post_content&#8221; _builder_version=&#8221;4.21.0&#8243; _module_preset=&#8221;default&#8221; da_is_popup=&#8221;off&#8221; da_exit_intent=&#8221;off&#8221; da_has_close=&#8221;on&#8221; da_alt_close=&#8221;off&#8221; da_dark_close=&#8221;off&#8221; da_not_modal=&#8221;on&#8221; da_is_singular=&#8221;off&#8221; da_with_loader=&#8221;off&#8221; da_has_shadow=&#8221;on&#8221; da_disable_devices=&#8221;off|off|off&#8221;][et_pb_row _builder_version=&#8221;4.21.0&#8243; _module_preset=&#8221;default&#8221; theme_builder_area=&#8221;post_content&#8221;][et_pb_column _builder_version=&#8221;4.21.0&#8243; _module_preset=&#8221;default&#8221; type=&#8221;4_4&#8243; theme_builder_area=&#8221;post_content&#8221;][\/et_pb_column][\/et_pb_row][\/et_pb_section]<\/p>\n","protected":false},"excerpt":{"rendered":"","protected":false},"author":1,"featured_media":0,"parent":2489,"menu_order":0,"comment_status":"closed","ping_status":"closed","template":"","meta":{"_et_pb_use_builder":"on","_et_pb_old_content":"","_et_gb_content_width":"","footnotes":""},"class_list":["post-2709","page","type-page","status-publish","hentry"],"yoast_head":"<!-- This site is optimized with the Yoast SEO plugin v27.0 - https:\/\/yoast.com\/product\/yoast-seo-wordpress\/ -->\n<title>FotoStrip CN - blumi.photo<\/title>\n<meta name=\"robots\" content=\"index, follow, max-snippet:-1, max-image-preview:large, max-video-preview:-1\" \/>\n<link rel=\"canonical\" href=\"https:\/\/blumi.photo\/hu\/fnlp\/fotostrip\/\" \/>\n<meta property=\"og:locale\" content=\"hu_HU\" \/>\n<meta property=\"og:type\" content=\"article\" \/>\n<meta property=\"og:title\" content=\"FotoStrip CN - blumi.photo\" \/>\n<meta property=\"og:url\" content=\"https:\/\/blumi.photo\/hu\/fnlp\/fotostrip\/\" \/>\n<meta property=\"og:site_name\" content=\"blumi.photo\" \/>\n<meta property=\"article:modified_time\" content=\"2023-07-23T18:39:58+00:00\" \/>\n<meta name=\"twitter:card\" content=\"summary_large_image\" \/>\n<meta name=\"twitter:label1\" content=\"Becs\u00fclt olvas\u00e1si id\u0151\" \/>\n\t<meta name=\"twitter:data1\" content=\"1 perc\" \/>\n<script type=\"application\/ld+json\" class=\"yoast-schema-graph\">{\"@context\":\"https:\/\/schema.org\",\"@graph\":[{\"@type\":\"WebPage\",\"@id\":\"https:\/\/blumi.photo\/hu\/fnlp\/fotostrip\/\",\"url\":\"https:\/\/blumi.photo\/hu\/fnlp\/fotostrip\/\",\"name\":\"FotoStrip CN - blumi.photo\",\"isPartOf\":{\"@id\":\"https:\/\/blumi.photo\/hu\/#website\"},\"datePublished\":\"2023-07-12T06:38:56+00:00\",\"dateModified\":\"2023-07-23T18:39:58+00:00\",\"breadcrumb\":{\"@id\":\"https:\/\/blumi.photo\/hu\/fnlp\/fotostrip\/#breadcrumb\"},\"inLanguage\":\"hu\",\"potentialAction\":[{\"@type\":\"ReadAction\",\"target\":[\"https:\/\/blumi.photo\/hu\/fnlp\/fotostrip\/\"]}]},{\"@type\":\"BreadcrumbList\",\"@id\":\"https:\/\/blumi.photo\/hu\/fnlp\/fotostrip\/#breadcrumb\",\"itemListElement\":[{\"@type\":\"ListItem\",\"position\":1,\"name\":\"Home\",\"item\":\"https:\/\/blumi.photo\/hu\/\"},{\"@type\":\"ListItem\",\"position\":2,\"name\":\"1-fnlp\",\"item\":\"https:\/\/blumi.photo\/hu\/fnlp\/\"},{\"@type\":\"ListItem\",\"position\":3,\"name\":\"FotoStrip CN\"}]},{\"@type\":\"WebSite\",\"@id\":\"https:\/\/blumi.photo\/hu\/#website\",\"url\":\"https:\/\/blumi.photo\/hu\/\",\"name\":\"blumi.photo\",\"description\":\"Photobook | Canvas | Photocalendar\",\"publisher\":{\"@id\":\"https:\/\/blumi.photo\/hu\/#organization\"},\"potentialAction\":[{\"@type\":\"SearchAction\",\"target\":{\"@type\":\"EntryPoint\",\"urlTemplate\":\"https:\/\/blumi.photo\/hu\/?s={search_term_string}\"},\"query-input\":{\"@type\":\"PropertyValueSpecification\",\"valueRequired\":true,\"valueName\":\"search_term_string\"}}],\"inLanguage\":\"hu\"},{\"@type\":\"Organization\",\"@id\":\"https:\/\/blumi.photo\/hu\/#organization\",\"name\":\"blumi.photo\",\"url\":\"https:\/\/blumi.photo\/hu\/\",\"logo\":{\"@type\":\"ImageObject\",\"inLanguage\":\"hu\",\"@id\":\"https:\/\/blumi.photo\/hu\/#\/schema\/logo\/image\/\",\"url\":\"https:\/\/wwwww.blumi.photo\/wp-content\/uploads\/2023\/07\/Blumi_logo2.png\",\"contentUrl\":\"https:\/\/wwwww.blumi.photo\/wp-content\/uploads\/2023\/07\/Blumi_logo2.png\",\"width\":374,\"height\":144,\"caption\":\"blumi.photo\"},\"image\":{\"@id\":\"https:\/\/blumi.photo\/hu\/#\/schema\/logo\/image\/\"}}]}<\/script>\n<!-- \/ Yoast SEO plugin. -->","yoast_head_json":{"title":"FotoStrip CN - blumi.photo","robots":{"index":"index","follow":"follow","max-snippet":"max-snippet:-1","max-image-preview":"max-image-preview:large","max-video-preview":"max-video-preview:-1"},"canonical":"https:\/\/blumi.photo\/hu\/fnlp\/fotostrip\/","og_locale":"hu_HU","og_type":"article","og_title":"FotoStrip CN - blumi.photo","og_url":"https:\/\/blumi.photo\/hu\/fnlp\/fotostrip\/","og_site_name":"blumi.photo","article_modified_time":"2023-07-23T18:39:58+00:00","twitter_card":"summary_large_image","twitter_misc":{"Becs\u00fclt olvas\u00e1si id\u0151":"1 perc"},"schema":{"@context":"https:\/\/schema.org","@graph":[{"@type":"WebPage","@id":"https:\/\/blumi.photo\/hu\/fnlp\/fotostrip\/","url":"https:\/\/blumi.photo\/hu\/fnlp\/fotostrip\/","name":"FotoStrip CN - blumi.photo","isPartOf":{"@id":"https:\/\/blumi.photo\/hu\/#website"},"datePublished":"2023-07-12T06:38:56+00:00","dateModified":"2023-07-23T18:39:58+00:00","breadcrumb":{"@id":"https:\/\/blumi.photo\/hu\/fnlp\/fotostrip\/#breadcrumb"},"inLanguage":"hu","potentialAction":[{"@type":"ReadAction","target":["https:\/\/blumi.photo\/hu\/fnlp\/fotostrip\/"]}]},{"@type":"BreadcrumbList","@id":"https:\/\/blumi.photo\/hu\/fnlp\/fotostrip\/#breadcrumb","itemListElement":[{"@type":"ListItem","position":1,"name":"Home","item":"https:\/\/blumi.photo\/hu\/"},{"@type":"ListItem","position":2,"name":"1-fnlp","item":"https:\/\/blumi.photo\/hu\/fnlp\/"},{"@type":"ListItem","position":3,"name":"FotoStrip CN"}]},{"@type":"WebSite","@id":"https:\/\/blumi.photo\/hu\/#website","url":"https:\/\/blumi.photo\/hu\/","name":"blumi.photo","description":"Photobook | Canvas | Photocalendar","publisher":{"@id":"https:\/\/blumi.photo\/hu\/#organization"},"potentialAction":[{"@type":"SearchAction","target":{"@type":"EntryPoint","urlTemplate":"https:\/\/blumi.photo\/hu\/?s={search_term_string}"},"query-input":{"@type":"PropertyValueSpecification","valueRequired":true,"valueName":"search_term_string"}}],"inLanguage":"hu"},{"@type":"Organization","@id":"https:\/\/blumi.photo\/hu\/#organization","name":"blumi.photo","url":"https:\/\/blumi.photo\/hu\/","logo":{"@type":"ImageObject","inLanguage":"hu","@id":"https:\/\/blumi.photo\/hu\/#\/schema\/logo\/image\/","url":"https:\/\/wwwww.blumi.photo\/wp-content\/uploads\/2023\/07\/Blumi_logo2.png","contentUrl":"https:\/\/wwwww.blumi.photo\/wp-content\/uploads\/2023\/07\/Blumi_logo2.png","width":374,"height":144,"caption":"blumi.photo"},"image":{"@id":"https:\/\/blumi.photo\/hu\/#\/schema\/logo\/image\/"}}]}},"_links":{"self":[{"href":"https:\/\/blumi.photo\/hu\/wp-json\/wp\/v2\/pages\/2709","targetHints":{"allow":["GET"]}}],"collection":[{"href":"https:\/\/blumi.photo\/hu\/wp-json\/wp\/v2\/pages"}],"about":[{"href":"https:\/\/blumi.photo\/hu\/wp-json\/wp\/v2\/types\/page"}],"author":[{"embeddable":true,"href":"https:\/\/blumi.photo\/hu\/wp-json\/wp\/v2\/users\/1"}],"replies":[{"embeddable":true,"href":"https:\/\/blumi.photo\/hu\/wp-json\/wp\/v2\/comments?post=2709"}],"version-history":[{"count":0,"href":"https:\/\/blumi.photo\/hu\/wp-json\/wp\/v2\/pages\/2709\/revisions"}],"up":[{"embeddable":true,"href":"https:\/\/blumi.photo\/hu\/wp-json\/wp\/v2\/pages\/2489"}],"wp:attachment":[{"href":"https:\/\/blumi.photo\/hu\/wp-json\/wp\/v2\/media?parent=2709"}],"curies":[{"name":"wp","href":"https:\/\/api.w.org\/{rel}","templated":true}]}}