{"id":7417,"date":"2023-07-19T09:40:18","date_gmt":"2023-07-19T07:40:18","guid":{"rendered":"https:\/\/wwwww.blumi.photo\/?post_type=product&#038;p=7417"},"modified":"2025-02-09T17:24:45","modified_gmt":"2025-02-09T16:24:45","slug":"poukazka-fotoobraz-na-platne","status":"publish","type":"product","link":"https:\/\/blumi.photo\/cs\/produkt\/poukazka-fotoobraz-na-platne\/","title":{"rendered":"Pouk\u00e1zka &#8211; Fotoobraz na pl\u00e1tn\u011b"},"content":{"rendered":"<div class=\"decor-heading\">\n<h3>Fotoobraz na pl\u00e1tn\u011b<\/h3>\n<\/div>\n<div class=\"decor-caption\">Va\u0161e fotografie vytiskneme na pl\u00e1tno, kter\u00e9 napneme na d\u0159ev\u011bn\u00fd r\u00e1m. Va\u0161e fotografie budou vypadat jako klasick\u00e9 obrazy.<\/div>\n","protected":false},"excerpt":{"rendered":"<p><img decoding=\"async\" src=\"https:\/\/blumi.photo\/img\/cms\/landingpage\/ICO\/images.png\" alt=\"\" \/>\u00a0<strong>Po\u010det fotek<\/strong>: min. 1<br \/>\n<img decoding=\"async\" src=\"https:\/\/blumi.photo\/img\/cms\/landingpage\/ICO\/clock.png\" alt=\"\" \/>\u00a0<strong>\u010cas tvo\u0159en\u00ed<\/strong>: cca 5 minut<br \/>\n<img decoding=\"async\" src=\"https:\/\/blumi.photo\/img\/cms\/landingpage\/ICO\/ruler.png\" alt=\"\" \/>\u00a0<strong>Rozm\u011bry<\/strong>:\u00a0 40&#215;60 cm, 60&#215;60 cm, 60&#215;90 cm<br \/>\n<img decoding=\"async\" src=\"https:\/\/blumi.photo\/img\/cms\/landingpage\/ICO\/printer-alt.png\" alt=\"\" \/>\u00a0<strong>Tisk<\/strong> na pl\u00e1tno<br \/>\n<img decoding=\"async\" src=\"https:\/\/blumi.photo\/img\/cms\/landingpage\/ICO\/blumi-truck.png\" alt=\"\" \/>\u00a0<strong>Dodac\u00ed doba<\/strong>: v\u00fdroba 7 prac. dn\u00ed + 1-2 dny doprava<\/p>\n","protected":false},"featured_media":2052,"comment_status":"open","ping_status":"closed","template":"","meta":{"_et_pb_use_builder":"","_et_pb_old_content":"","_et_gb_content_width":""},"product_brand":[],"product_cat":[169],"product_tag":[],"class_list":{"0":"post-7417","1":"product","2":"type-product","3":"status-publish","4":"has-post-thumbnail","6":"product_cat-fotoobraz-na-platne-cs","8":"first","9":"outofstock","10":"sale","11":"taxable","12":"shipping-taxable","13":"purchasable","14":"product-type-variable","15":"has-default-attributes"},"yoast_head":"<!-- This site is optimized with the Yoast SEO plugin v27.0 - https:\/\/yoast.com\/product\/yoast-seo-wordpress\/ -->\n<title>Pouk\u00e1zka - Fotoobraz na pl\u00e1tn\u011b - blumi.photo<\/title>\n<meta name=\"robots\" content=\"index, follow, max-snippet:-1, max-image-preview:large, max-video-preview:-1\" \/>\n<link rel=\"canonical\" href=\"https:\/\/blumi.photo\/cs\/produkt\/poukazka-fotoobraz-na-platne\/\" \/>\n<meta property=\"og:locale\" content=\"cs_CZ\" \/>\n<meta property=\"og:type\" content=\"article\" \/>\n<meta property=\"og:title\" content=\"Pouk\u00e1zka - Fotoobraz na pl\u00e1tn\u011b - blumi.photo\" \/>\n<meta property=\"og:description\" content=\"\u00a0Po\u010det fotek: min. 1 \u00a0\u010cas tvo\u0159en\u00ed: cca 5 minut \u00a0Rozm\u011bry:\u00a0 40x60 cm, 60x60 cm, 60x90 cm \u00a0Tisk na pl\u00e1tno \u00a0Dodac\u00ed doba: v\u00fdroba 7 prac. dn\u00ed + 1-2 dny doprava\" \/>\n<meta property=\"og:url\" content=\"https:\/\/blumi.photo\/cs\/produkt\/poukazka-fotoobraz-na-platne\/\" \/>\n<meta property=\"og:site_name\" content=\"blumi.photo\" \/>\n<meta property=\"article:modified_time\" content=\"2025-02-09T16:24:45+00:00\" \/>\n<meta property=\"og:image\" content=\"https:\/\/blumi.photo\/wp-content\/uploads\/2023\/07\/Canvas-single-photo.jpg\" \/>\n\t<meta property=\"og:image:width\" content=\"888\" \/>\n\t<meta property=\"og:image:height\" content=\"887\" \/>\n\t<meta property=\"og:image:type\" content=\"image\/jpeg\" \/>\n<meta name=\"twitter:card\" content=\"summary_large_image\" \/>\n<meta name=\"twitter:label1\" content=\"Odhadovan\u00e1 doba \u010dten\u00ed\" \/>\n\t<meta name=\"twitter:data1\" content=\"1 minuta\" \/>\n<script type=\"application\/ld+json\" class=\"yoast-schema-graph\">{\"@context\":\"https:\/\/schema.org\",\"@graph\":[{\"@type\":\"WebPage\",\"@id\":\"https:\/\/blumi.photo\/cs\/produkt\/poukazka-fotoobraz-na-platne\/\",\"url\":\"https:\/\/blumi.photo\/cs\/produkt\/poukazka-fotoobraz-na-platne\/\",\"name\":\"Pouk\u00e1zka - Fotoobraz na pl\u00e1tn\u011b - blumi.photo\",\"isPartOf\":{\"@id\":\"https:\/\/blumi.photo\/cs\/#website\"},\"primaryImageOfPage\":{\"@id\":\"https:\/\/blumi.photo\/cs\/produkt\/poukazka-fotoobraz-na-platne\/#primaryimage\"},\"image\":{\"@id\":\"https:\/\/blumi.photo\/cs\/produkt\/poukazka-fotoobraz-na-platne\/#primaryimage\"},\"thumbnailUrl\":\"https:\/\/blumi.photo\/wp-content\/uploads\/2023\/07\/Canvas-single-photo.jpg\",\"datePublished\":\"2023-07-19T07:40:18+00:00\",\"dateModified\":\"2025-02-09T16:24:45+00:00\",\"breadcrumb\":{\"@id\":\"https:\/\/blumi.photo\/cs\/produkt\/poukazka-fotoobraz-na-platne\/#breadcrumb\"},\"inLanguage\":\"cs\",\"potentialAction\":[{\"@type\":\"ReadAction\",\"target\":[\"https:\/\/blumi.photo\/cs\/produkt\/poukazka-fotoobraz-na-platne\/\"]}]},{\"@type\":\"ImageObject\",\"inLanguage\":\"cs\",\"@id\":\"https:\/\/blumi.photo\/cs\/produkt\/poukazka-fotoobraz-na-platne\/#primaryimage\",\"url\":\"https:\/\/blumi.photo\/wp-content\/uploads\/2023\/07\/Canvas-single-photo.jpg\",\"contentUrl\":\"https:\/\/blumi.photo\/wp-content\/uploads\/2023\/07\/Canvas-single-photo.jpg\",\"width\":888,\"height\":887},{\"@type\":\"BreadcrumbList\",\"@id\":\"https:\/\/blumi.photo\/cs\/produkt\/poukazka-fotoobraz-na-platne\/#breadcrumb\",\"itemListElement\":[{\"@type\":\"ListItem\",\"position\":1,\"name\":\"Home\",\"item\":\"https:\/\/blumi.photo\/cs\/\"},{\"@type\":\"ListItem\",\"position\":2,\"name\":\"Shop\",\"item\":\"https:\/\/blumi.photo\/cs\/obchod\/\"},{\"@type\":\"ListItem\",\"position\":3,\"name\":\"Pouk\u00e1zka &#8211; Fotoobraz na pl\u00e1tn\u011b\"}]},{\"@type\":\"WebSite\",\"@id\":\"https:\/\/blumi.photo\/cs\/#website\",\"url\":\"https:\/\/blumi.photo\/cs\/\",\"name\":\"blumi.photo\",\"description\":\"Photobook | Canvas | Photocalendar\",\"publisher\":{\"@id\":\"https:\/\/blumi.photo\/cs\/#organization\"},\"potentialAction\":[{\"@type\":\"SearchAction\",\"target\":{\"@type\":\"EntryPoint\",\"urlTemplate\":\"https:\/\/blumi.photo\/cs\/?s={search_term_string}\"},\"query-input\":{\"@type\":\"PropertyValueSpecification\",\"valueRequired\":true,\"valueName\":\"search_term_string\"}}],\"inLanguage\":\"cs\"},{\"@type\":\"Organization\",\"@id\":\"https:\/\/blumi.photo\/cs\/#organization\",\"name\":\"blumi.photo\",\"url\":\"https:\/\/blumi.photo\/cs\/\",\"logo\":{\"@type\":\"ImageObject\",\"inLanguage\":\"cs\",\"@id\":\"https:\/\/blumi.photo\/cs\/#\/schema\/logo\/image\/\",\"url\":\"https:\/\/wwwww.blumi.photo\/wp-content\/uploads\/2023\/07\/Blumi_logo2.png\",\"contentUrl\":\"https:\/\/wwwww.blumi.photo\/wp-content\/uploads\/2023\/07\/Blumi_logo2.png\",\"width\":374,\"height\":144,\"caption\":\"blumi.photo\"},\"image\":{\"@id\":\"https:\/\/blumi.photo\/cs\/#\/schema\/logo\/image\/\"}}]}<\/script>\n<!-- \/ Yoast SEO plugin. -->","yoast_head_json":{"title":"Pouk\u00e1zka - Fotoobraz na pl\u00e1tn\u011b - blumi.photo","robots":{"index":"index","follow":"follow","max-snippet":"max-snippet:-1","max-image-preview":"max-image-preview:large","max-video-preview":"max-video-preview:-1"},"canonical":"https:\/\/blumi.photo\/cs\/produkt\/poukazka-fotoobraz-na-platne\/","og_locale":"cs_CZ","og_type":"article","og_title":"Pouk\u00e1zka - Fotoobraz na pl\u00e1tn\u011b - blumi.photo","og_description":"\u00a0Po\u010det fotek: min. 1 \u00a0\u010cas tvo\u0159en\u00ed: cca 5 minut \u00a0Rozm\u011bry:\u00a0 40x60 cm, 60x60 cm, 60x90 cm \u00a0Tisk na pl\u00e1tno \u00a0Dodac\u00ed doba: v\u00fdroba 7 prac. dn\u00ed + 1-2 dny doprava","og_url":"https:\/\/blumi.photo\/cs\/produkt\/poukazka-fotoobraz-na-platne\/","og_site_name":"blumi.photo","article_modified_time":"2025-02-09T16:24:45+00:00","og_image":[{"width":888,"height":887,"url":"https:\/\/blumi.photo\/wp-content\/uploads\/2023\/07\/Canvas-single-photo.jpg","type":"image\/jpeg"}],"twitter_card":"summary_large_image","twitter_misc":{"Odhadovan\u00e1 doba \u010dten\u00ed":"1 minuta"},"schema":{"@context":"https:\/\/schema.org","@graph":[{"@type":"WebPage","@id":"https:\/\/blumi.photo\/cs\/produkt\/poukazka-fotoobraz-na-platne\/","url":"https:\/\/blumi.photo\/cs\/produkt\/poukazka-fotoobraz-na-platne\/","name":"Pouk\u00e1zka - Fotoobraz na pl\u00e1tn\u011b - blumi.photo","isPartOf":{"@id":"https:\/\/blumi.photo\/cs\/#website"},"primaryImageOfPage":{"@id":"https:\/\/blumi.photo\/cs\/produkt\/poukazka-fotoobraz-na-platne\/#primaryimage"},"image":{"@id":"https:\/\/blumi.photo\/cs\/produkt\/poukazka-fotoobraz-na-platne\/#primaryimage"},"thumbnailUrl":"https:\/\/blumi.photo\/wp-content\/uploads\/2023\/07\/Canvas-single-photo.jpg","datePublished":"2023-07-19T07:40:18+00:00","dateModified":"2025-02-09T16:24:45+00:00","breadcrumb":{"@id":"https:\/\/blumi.photo\/cs\/produkt\/poukazka-fotoobraz-na-platne\/#breadcrumb"},"inLanguage":"cs","potentialAction":[{"@type":"ReadAction","target":["https:\/\/blumi.photo\/cs\/produkt\/poukazka-fotoobraz-na-platne\/"]}]},{"@type":"ImageObject","inLanguage":"cs","@id":"https:\/\/blumi.photo\/cs\/produkt\/poukazka-fotoobraz-na-platne\/#primaryimage","url":"https:\/\/blumi.photo\/wp-content\/uploads\/2023\/07\/Canvas-single-photo.jpg","contentUrl":"https:\/\/blumi.photo\/wp-content\/uploads\/2023\/07\/Canvas-single-photo.jpg","width":888,"height":887},{"@type":"BreadcrumbList","@id":"https:\/\/blumi.photo\/cs\/produkt\/poukazka-fotoobraz-na-platne\/#breadcrumb","itemListElement":[{"@type":"ListItem","position":1,"name":"Home","item":"https:\/\/blumi.photo\/cs\/"},{"@type":"ListItem","position":2,"name":"Shop","item":"https:\/\/blumi.photo\/cs\/obchod\/"},{"@type":"ListItem","position":3,"name":"Pouk\u00e1zka &#8211; Fotoobraz na pl\u00e1tn\u011b"}]},{"@type":"WebSite","@id":"https:\/\/blumi.photo\/cs\/#website","url":"https:\/\/blumi.photo\/cs\/","name":"blumi.photo","description":"Photobook | Canvas | Photocalendar","publisher":{"@id":"https:\/\/blumi.photo\/cs\/#organization"},"potentialAction":[{"@type":"SearchAction","target":{"@type":"EntryPoint","urlTemplate":"https:\/\/blumi.photo\/cs\/?s={search_term_string}"},"query-input":{"@type":"PropertyValueSpecification","valueRequired":true,"valueName":"search_term_string"}}],"inLanguage":"cs"},{"@type":"Organization","@id":"https:\/\/blumi.photo\/cs\/#organization","name":"blumi.photo","url":"https:\/\/blumi.photo\/cs\/","logo":{"@type":"ImageObject","inLanguage":"cs","@id":"https:\/\/blumi.photo\/cs\/#\/schema\/logo\/image\/","url":"https:\/\/wwwww.blumi.photo\/wp-content\/uploads\/2023\/07\/Blumi_logo2.png","contentUrl":"https:\/\/wwwww.blumi.photo\/wp-content\/uploads\/2023\/07\/Blumi_logo2.png","width":374,"height":144,"caption":"blumi.photo"},"image":{"@id":"https:\/\/blumi.photo\/cs\/#\/schema\/logo\/image\/"}}]}},"_links":{"self":[{"href":"https:\/\/blumi.photo\/cs\/wp-json\/wp\/v2\/product\/7417","targetHints":{"allow":["GET"]}}],"collection":[{"href":"https:\/\/blumi.photo\/cs\/wp-json\/wp\/v2\/product"}],"about":[{"href":"https:\/\/blumi.photo\/cs\/wp-json\/wp\/v2\/types\/product"}],"replies":[{"embeddable":true,"href":"https:\/\/blumi.photo\/cs\/wp-json\/wp\/v2\/comments?post=7417"}],"wp:featuredmedia":[{"embeddable":true,"href":"https:\/\/blumi.photo\/cs\/wp-json\/wp\/v2\/media\/2052"}],"wp:attachment":[{"href":"https:\/\/blumi.photo\/cs\/wp-json\/wp\/v2\/media?parent=7417"}],"wp:term":[{"taxonomy":"product_brand","embeddable":true,"href":"https:\/\/blumi.photo\/cs\/wp-json\/wp\/v2\/product_brand?post=7417"},{"taxonomy":"product_cat","embeddable":true,"href":"https:\/\/blumi.photo\/cs\/wp-json\/wp\/v2\/product_cat?post=7417"},{"taxonomy":"product_tag","embeddable":true,"href":"https:\/\/blumi.photo\/cs\/wp-json\/wp\/v2\/product_tag?post=7417"}],"curies":[{"name":"wp","href":"https:\/\/api.w.org\/{rel}","templated":true}]}}