{"id":6943,"date":"2023-07-17T09:10:20","date_gmt":"2023-07-17T07:10:20","guid":{"rendered":"https:\/\/wwwww.blumi.photo\/?post_type=product&#038;p=6943"},"modified":"2023-07-25T17:23:10","modified_gmt":"2023-07-25T15:23:10","slug":"milnikove-karticky-bezove","status":"publish","type":"product","link":"https:\/\/blumi.photo\/cs\/produkt\/milnikove-karticky-bezove\/","title":{"rendered":"Miln\u00edkov\u00e9 karti\u010dky &#8211; b\u00e9\u017eov\u00e9"},"content":{"rendered":"","protected":false},"excerpt":{"rendered":"","protected":false},"featured_media":6991,"comment_status":"open","ping_status":"closed","template":"","meta":{"_et_pb_use_builder":"off","_et_pb_old_content":"","_et_gb_content_width":""},"product_brand":[],"product_cat":[160],"product_tag":[],"class_list":{"0":"post-6943","1":"product","2":"type-product","3":"status-publish","4":"has-post-thumbnail","6":"product_cat-milnikove-karticky-cs","8":"first","9":"instock","10":"sale","11":"sold-individually","12":"taxable","13":"shipping-taxable","14":"purchasable","15":"product-type-simple"},"yoast_head":"<!-- This site is optimized with the Yoast SEO plugin v27.0 - https:\/\/yoast.com\/product\/yoast-seo-wordpress\/ -->\n<title>Miln\u00edkov\u00e9 karti\u010dky - b\u00e9\u017eov\u00e9 - blumi.photo<\/title>\n<meta name=\"robots\" content=\"index, follow, max-snippet:-1, max-image-preview:large, max-video-preview:-1\" \/>\n<link rel=\"canonical\" href=\"https:\/\/blumi.photo\/cs\/produkt\/milnikove-karticky-bezove\/\" \/>\n<meta property=\"og:locale\" content=\"cs_CZ\" \/>\n<meta property=\"og:type\" content=\"article\" \/>\n<meta property=\"og:title\" content=\"Miln\u00edkov\u00e9 karti\u010dky - b\u00e9\u017eov\u00e9 - blumi.photo\" \/>\n<meta property=\"og:url\" content=\"https:\/\/blumi.photo\/cs\/produkt\/milnikove-karticky-bezove\/\" \/>\n<meta property=\"og:site_name\" content=\"blumi.photo\" \/>\n<meta property=\"article:modified_time\" content=\"2023-07-25T15:23:10+00:00\" \/>\n<meta property=\"og:image\" content=\"https:\/\/blumi.photo\/wp-content\/uploads\/2023\/07\/Beige-CZ.jpg\" \/>\n\t<meta property=\"og:image:width\" content=\"900\" \/>\n\t<meta property=\"og:image:height\" content=\"900\" \/>\n\t<meta property=\"og:image:type\" content=\"image\/jpeg\" \/>\n<meta name=\"twitter:card\" content=\"summary_large_image\" \/>\n<script type=\"application\/ld+json\" class=\"yoast-schema-graph\">{\"@context\":\"https:\/\/schema.org\",\"@graph\":[{\"@type\":\"WebPage\",\"@id\":\"https:\/\/blumi.photo\/cs\/produkt\/milnikove-karticky-bezove\/\",\"url\":\"https:\/\/blumi.photo\/cs\/produkt\/milnikove-karticky-bezove\/\",\"name\":\"Miln\u00edkov\u00e9 karti\u010dky - b\u00e9\u017eov\u00e9 - blumi.photo\",\"isPartOf\":{\"@id\":\"https:\/\/blumi.photo\/cs\/#website\"},\"primaryImageOfPage\":{\"@id\":\"https:\/\/blumi.photo\/cs\/produkt\/milnikove-karticky-bezove\/#primaryimage\"},\"image\":{\"@id\":\"https:\/\/blumi.photo\/cs\/produkt\/milnikove-karticky-bezove\/#primaryimage\"},\"thumbnailUrl\":\"https:\/\/blumi.photo\/wp-content\/uploads\/2023\/07\/Beige-CZ.jpg\",\"datePublished\":\"2023-07-17T07:10:20+00:00\",\"dateModified\":\"2023-07-25T15:23:10+00:00\",\"breadcrumb\":{\"@id\":\"https:\/\/blumi.photo\/cs\/produkt\/milnikove-karticky-bezove\/#breadcrumb\"},\"inLanguage\":\"cs\",\"potentialAction\":[{\"@type\":\"ReadAction\",\"target\":[\"https:\/\/blumi.photo\/cs\/produkt\/milnikove-karticky-bezove\/\"]}]},{\"@type\":\"ImageObject\",\"inLanguage\":\"cs\",\"@id\":\"https:\/\/blumi.photo\/cs\/produkt\/milnikove-karticky-bezove\/#primaryimage\",\"url\":\"https:\/\/blumi.photo\/wp-content\/uploads\/2023\/07\/Beige-CZ.jpg\",\"contentUrl\":\"https:\/\/blumi.photo\/wp-content\/uploads\/2023\/07\/Beige-CZ.jpg\",\"width\":900,\"height\":900},{\"@type\":\"BreadcrumbList\",\"@id\":\"https:\/\/blumi.photo\/cs\/produkt\/milnikove-karticky-bezove\/#breadcrumb\",\"itemListElement\":[{\"@type\":\"ListItem\",\"position\":1,\"name\":\"Home\",\"item\":\"https:\/\/blumi.photo\/cs\/\"},{\"@type\":\"ListItem\",\"position\":2,\"name\":\"Shop\",\"item\":\"https:\/\/blumi.photo\/cs\/obchod\/\"},{\"@type\":\"ListItem\",\"position\":3,\"name\":\"Miln\u00edkov\u00e9 karti\u010dky &#8211; b\u00e9\u017eov\u00e9\"}]},{\"@type\":\"WebSite\",\"@id\":\"https:\/\/blumi.photo\/cs\/#website\",\"url\":\"https:\/\/blumi.photo\/cs\/\",\"name\":\"blumi.photo\",\"description\":\"Photobook | Canvas | Photocalendar\",\"publisher\":{\"@id\":\"https:\/\/blumi.photo\/cs\/#organization\"},\"potentialAction\":[{\"@type\":\"SearchAction\",\"target\":{\"@type\":\"EntryPoint\",\"urlTemplate\":\"https:\/\/blumi.photo\/cs\/?s={search_term_string}\"},\"query-input\":{\"@type\":\"PropertyValueSpecification\",\"valueRequired\":true,\"valueName\":\"search_term_string\"}}],\"inLanguage\":\"cs\"},{\"@type\":\"Organization\",\"@id\":\"https:\/\/blumi.photo\/cs\/#organization\",\"name\":\"blumi.photo\",\"url\":\"https:\/\/blumi.photo\/cs\/\",\"logo\":{\"@type\":\"ImageObject\",\"inLanguage\":\"cs\",\"@id\":\"https:\/\/blumi.photo\/cs\/#\/schema\/logo\/image\/\",\"url\":\"https:\/\/wwwww.blumi.photo\/wp-content\/uploads\/2023\/07\/Blumi_logo2.png\",\"contentUrl\":\"https:\/\/wwwww.blumi.photo\/wp-content\/uploads\/2023\/07\/Blumi_logo2.png\",\"width\":374,\"height\":144,\"caption\":\"blumi.photo\"},\"image\":{\"@id\":\"https:\/\/blumi.photo\/cs\/#\/schema\/logo\/image\/\"}}]}<\/script>\n<!-- \/ Yoast SEO plugin. -->","yoast_head_json":{"title":"Miln\u00edkov\u00e9 karti\u010dky - b\u00e9\u017eov\u00e9 - blumi.photo","robots":{"index":"index","follow":"follow","max-snippet":"max-snippet:-1","max-image-preview":"max-image-preview:large","max-video-preview":"max-video-preview:-1"},"canonical":"https:\/\/blumi.photo\/cs\/produkt\/milnikove-karticky-bezove\/","og_locale":"cs_CZ","og_type":"article","og_title":"Miln\u00edkov\u00e9 karti\u010dky - b\u00e9\u017eov\u00e9 - blumi.photo","og_url":"https:\/\/blumi.photo\/cs\/produkt\/milnikove-karticky-bezove\/","og_site_name":"blumi.photo","article_modified_time":"2023-07-25T15:23:10+00:00","og_image":[{"width":900,"height":900,"url":"https:\/\/blumi.photo\/wp-content\/uploads\/2023\/07\/Beige-CZ.jpg","type":"image\/jpeg"}],"twitter_card":"summary_large_image","schema":{"@context":"https:\/\/schema.org","@graph":[{"@type":"WebPage","@id":"https:\/\/blumi.photo\/cs\/produkt\/milnikove-karticky-bezove\/","url":"https:\/\/blumi.photo\/cs\/produkt\/milnikove-karticky-bezove\/","name":"Miln\u00edkov\u00e9 karti\u010dky - b\u00e9\u017eov\u00e9 - blumi.photo","isPartOf":{"@id":"https:\/\/blumi.photo\/cs\/#website"},"primaryImageOfPage":{"@id":"https:\/\/blumi.photo\/cs\/produkt\/milnikove-karticky-bezove\/#primaryimage"},"image":{"@id":"https:\/\/blumi.photo\/cs\/produkt\/milnikove-karticky-bezove\/#primaryimage"},"thumbnailUrl":"https:\/\/blumi.photo\/wp-content\/uploads\/2023\/07\/Beige-CZ.jpg","datePublished":"2023-07-17T07:10:20+00:00","dateModified":"2023-07-25T15:23:10+00:00","breadcrumb":{"@id":"https:\/\/blumi.photo\/cs\/produkt\/milnikove-karticky-bezove\/#breadcrumb"},"inLanguage":"cs","potentialAction":[{"@type":"ReadAction","target":["https:\/\/blumi.photo\/cs\/produkt\/milnikove-karticky-bezove\/"]}]},{"@type":"ImageObject","inLanguage":"cs","@id":"https:\/\/blumi.photo\/cs\/produkt\/milnikove-karticky-bezove\/#primaryimage","url":"https:\/\/blumi.photo\/wp-content\/uploads\/2023\/07\/Beige-CZ.jpg","contentUrl":"https:\/\/blumi.photo\/wp-content\/uploads\/2023\/07\/Beige-CZ.jpg","width":900,"height":900},{"@type":"BreadcrumbList","@id":"https:\/\/blumi.photo\/cs\/produkt\/milnikove-karticky-bezove\/#breadcrumb","itemListElement":[{"@type":"ListItem","position":1,"name":"Home","item":"https:\/\/blumi.photo\/cs\/"},{"@type":"ListItem","position":2,"name":"Shop","item":"https:\/\/blumi.photo\/cs\/obchod\/"},{"@type":"ListItem","position":3,"name":"Miln\u00edkov\u00e9 karti\u010dky &#8211; b\u00e9\u017eov\u00e9"}]},{"@type":"WebSite","@id":"https:\/\/blumi.photo\/cs\/#website","url":"https:\/\/blumi.photo\/cs\/","name":"blumi.photo","description":"Photobook | Canvas | Photocalendar","publisher":{"@id":"https:\/\/blumi.photo\/cs\/#organization"},"potentialAction":[{"@type":"SearchAction","target":{"@type":"EntryPoint","urlTemplate":"https:\/\/blumi.photo\/cs\/?s={search_term_string}"},"query-input":{"@type":"PropertyValueSpecification","valueRequired":true,"valueName":"search_term_string"}}],"inLanguage":"cs"},{"@type":"Organization","@id":"https:\/\/blumi.photo\/cs\/#organization","name":"blumi.photo","url":"https:\/\/blumi.photo\/cs\/","logo":{"@type":"ImageObject","inLanguage":"cs","@id":"https:\/\/blumi.photo\/cs\/#\/schema\/logo\/image\/","url":"https:\/\/wwwww.blumi.photo\/wp-content\/uploads\/2023\/07\/Blumi_logo2.png","contentUrl":"https:\/\/wwwww.blumi.photo\/wp-content\/uploads\/2023\/07\/Blumi_logo2.png","width":374,"height":144,"caption":"blumi.photo"},"image":{"@id":"https:\/\/blumi.photo\/cs\/#\/schema\/logo\/image\/"}}]}},"_links":{"self":[{"href":"https:\/\/blumi.photo\/cs\/wp-json\/wp\/v2\/product\/6943","targetHints":{"allow":["GET"]}}],"collection":[{"href":"https:\/\/blumi.photo\/cs\/wp-json\/wp\/v2\/product"}],"about":[{"href":"https:\/\/blumi.photo\/cs\/wp-json\/wp\/v2\/types\/product"}],"replies":[{"embeddable":true,"href":"https:\/\/blumi.photo\/cs\/wp-json\/wp\/v2\/comments?post=6943"}],"wp:featuredmedia":[{"embeddable":true,"href":"https:\/\/blumi.photo\/cs\/wp-json\/wp\/v2\/media\/6991"}],"wp:attachment":[{"href":"https:\/\/blumi.photo\/cs\/wp-json\/wp\/v2\/media?parent=6943"}],"wp:term":[{"taxonomy":"product_brand","embeddable":true,"href":"https:\/\/blumi.photo\/cs\/wp-json\/wp\/v2\/product_brand?post=6943"},{"taxonomy":"product_cat","embeddable":true,"href":"https:\/\/blumi.photo\/cs\/wp-json\/wp\/v2\/product_cat?post=6943"},{"taxonomy":"product_tag","embeddable":true,"href":"https:\/\/blumi.photo\/cs\/wp-json\/wp\/v2\/product_tag?post=6943"}],"curies":[{"name":"wp","href":"https:\/\/api.w.org\/{rel}","templated":true}]}}