{"id":2384,"date":"2023-07-11T19:40:36","date_gmt":"2023-07-11T17:40:36","guid":{"rendered":"https:\/\/wwwww.blumi.photo\/stickblock\/"},"modified":"2025-09-26T10:39:40","modified_gmt":"2025-09-26T08:39:40","slug":"stickblock","status":"publish","type":"page","link":"https:\/\/blumi.photo\/cs\/fotoobrazy\/stickblock\/","title":{"rendered":"StickBlock"},"content":{"rendered":"<p>[et_pb_section fb_built=&#8220;1&#8243; _builder_version=&#8220;4.27.4&#8243; _module_preset=&#8220;default&#8220; hover_enabled=&#8220;0&#8243; da_disable_devices=&#8220;off|off|off&#8220; global_colors_info=&#8220;{}&#8220; background_color=&#8220;#F8F7F5&#8243; sticky_enabled=&#8220;0&#8243; custom_padding=&#8220;||9px|||&#8220; da_is_popup=&#8220;off&#8220; da_exit_intent=&#8220;off&#8220; da_has_close=&#8220;on&#8220; da_alt_close=&#8220;off&#8220; da_dark_close=&#8220;off&#8220; da_not_modal=&#8220;on&#8220; da_is_singular=&#8220;off&#8220; da_with_loader=&#8220;off&#8220; da_has_shadow=&#8220;on&#8220;][et_pb_row _builder_version=&#8220;4.27.4&#8243; _module_preset=&#8220;default&#8220; global_colors_info=&#8220;{}&#8220;][et_pb_column type=&#8220;4_4&#8243; _builder_version=&#8220;4.27.4&#8243; _module_preset=&#8220;default&#8220; global_colors_info=&#8220;{}&#8220;][et_pb_blurb title=&#8220;Produkt StickBlock byl nahrazen nov\u00fdm produktem FotoBoard&#8220; content_max_width=&#8220;1100px&#8220; _builder_version=&#8220;4.27.4&#8243; _module_preset=&#8220;default&#8220; header_level=&#8220;h1&#8243; text_orientation=&#8220;center&#8220; global_colors_info=&#8220;{}&#8220;][\/et_pb_blurb][et_pb_blurb title=&#8220;StickBlock&#8220; image_icon_width=&#8220;30%&#8220; _builder_version=&#8220;4.27.4&#8243; _module_preset=&#8220;default&#8220; header_level=&#8220;h2&#8243; global_colors_info=&#8220;{}&#8220;]<\/p>\n<p>V\u00fdroba StickBlocku byla ukon\u010dena.<br \/>StickBlock m\u011bl rozm\u011br 21x21cm a tlou\u0161\u0165ku 2cm.<\/p>\n<p>[\/et_pb_blurb][et_pb_image src=&#8220;https:\/\/blumi.photo\/wp-content\/uploads\/2023\/07\/a_Canvas-Wrap.jpg&#8220; title_text=&#8220;a_Canvas Wrap&#8220; _builder_version=&#8220;4.27.4&#8243; _module_preset=&#8220;default&#8220; width=&#8220;18%&#8220; module_alignment=&#8220;center&#8220; hover_enabled=&#8220;0&#8243; global_colors_info=&#8220;{}&#8220; sticky_enabled=&#8220;0&#8243;][\/et_pb_image][\/et_pb_column][\/et_pb_row][et_pb_row _builder_version=&#8220;4.27.4&#8243; _module_preset=&#8220;default&#8220;][et_pb_column _builder_version=&#8220;4.27.4&#8243; _module_preset=&#8220;default&#8220; type=&#8220;4_4&#8243;][et_pb_divider _builder_version=&#8220;4.27.4&#8243; _module_preset=&#8220;default&#8220; color=&#8220;#00A2FF&#8220; hover_enabled=&#8220;0&#8243; sticky_enabled=&#8220;0&#8243;][\/et_pb_divider][\/et_pb_column][\/et_pb_row][\/et_pb_section][et_pb_section fb_built=&#8220;1&#8243; _builder_version=&#8220;4.27.4&#8243; _module_preset=&#8220;default&#8220; hover_enabled=&#8220;0&#8243; da_disable_devices=&#8220;off|off|off&#8220; global_colors_info=&#8220;{}&#8220; background_color=&#8220;#F8F7F5&#8243; sticky_enabled=&#8220;0&#8243; custom_padding=&#8220;12px|||||&#8220; custom_margin=&#8220;-39px|||||&#8220; da_is_popup=&#8220;off&#8220; da_exit_intent=&#8220;off&#8220; da_has_close=&#8220;on&#8220; da_alt_close=&#8220;off&#8220; da_dark_close=&#8220;off&#8220; da_not_modal=&#8220;on&#8220; da_is_singular=&#8220;off&#8220; da_with_loader=&#8220;off&#8220; da_has_shadow=&#8220;on&#8220;][et_pb_row _builder_version=&#8220;4.27.4&#8243; _module_preset=&#8220;default&#8220; global_colors_info=&#8220;{}&#8220;][et_pb_column type=&#8220;4_4&#8243; _builder_version=&#8220;4.27.4&#8243; _module_preset=&#8220;default&#8220; global_colors_info=&#8220;{}&#8220;][et_pb_blurb title=&#8220;FotoBoard&#8220; _builder_version=&#8220;4.27.4&#8243; _module_preset=&#8220;default&#8220; header_level=&#8220;h2&#8243; hover_enabled=&#8220;0&#8243; global_colors_info=&#8220;{}&#8220; header_font_size=&#8220;31px&#8220; sticky_enabled=&#8220;0&#8243; custom_margin=&#8220;-17px|||||&#8220;]<\/p>\n<p>Nov\u00fd produkt Fotoboard m\u00e1 rozm\u011br 15x15cm a tlou\u0161\u0165ku 3mm.<br \/>Na v\u00fdb\u011br je b\u00edl\u00fd nebo \u010dern\u00fd karton.<\/p>\n<p>[\/et_pb_blurb][\/et_pb_column][\/et_pb_row][et_pb_row column_structure=&#8220;1_2,1_2&#8243; _builder_version=&#8220;4.27.4&#8243; _module_preset=&#8220;default&#8220; global_colors_info=&#8220;{}&#8220;][et_pb_column type=&#8220;1_2&#8243; _builder_version=&#8220;4.27.4&#8243; _module_preset=&#8220;default&#8220; global_colors_info=&#8220;{}&#8220;][et_pb_image src=&#8220;https:\/\/blumi.photo\/wp-content\/uploads\/2025\/09\/20250225_182828-3.jpg&#8220; title_text=&#8220;20250225_182828-3&#8243; url=&#8220;https:\/\/blumi.photo\/cs\/fotoobrazy\/fotoboard\/?afp=blumi&#8220; _builder_version=&#8220;4.27.4&#8243; _module_preset=&#8220;default&#8220; width=&#8220;37%&#8220; module_alignment=&#8220;center&#8220; min_height=&#8220;100px&#8220; hover_enabled=&#8220;0&#8243; global_colors_info=&#8220;{}&#8220; sticky_enabled=&#8220;0&#8243;][\/et_pb_image][\/et_pb_column][et_pb_column type=&#8220;1_2&#8243; _builder_version=&#8220;4.27.4&#8243; _module_preset=&#8220;default&#8220; global_colors_info=&#8220;{}&#8220;][et_pb_image src=&#8220;https:\/\/blumi.photo\/wp-content\/uploads\/2025\/09\/20250225_182828-2.jpg&#8220; title_text=&#8220;20250225_182828-2&#8243; url=&#8220;https:\/\/blumi.photo\/cs\/fotoobrazy\/fotoboard\/?afp=blumi&#8220; _builder_version=&#8220;4.27.4&#8243; _module_preset=&#8220;default&#8220; width=&#8220;37%&#8220; module_alignment=&#8220;center&#8220; min_height=&#8220;100px&#8220; hover_enabled=&#8220;0&#8243; global_colors_info=&#8220;{}&#8220; sticky_enabled=&#8220;0&#8243;][\/et_pb_image][\/et_pb_column][\/et_pb_row][et_pb_row _builder_version=&#8220;4.27.4&#8243; _module_preset=&#8220;default&#8220;][et_pb_column _builder_version=&#8220;4.27.4&#8243; _module_preset=&#8220;default&#8220; type=&#8220;4_4&#8243;][et_pb_button button_url=&#8220;https:\/\/blumi.photo\/cs\/fotoobrazy\/fotoboard\/?afp=blumi&#8220; button_text=&#8220;Vytvo\u0159it FotoBoard&#8220; _builder_version=&#8220;4.27.4&#8243; _module_preset=&#8220;default&#8220; custom_button=&#8220;on&#8220; button_text_color=&#8220;#F8F7F5&#8243; button_bg_color=&#8220;#00A2FF&#8220; hover_enabled=&#8220;0&#8243; global_colors_info=&#8220;{}&#8220; button_alignment=&#8220;center&#8220; sticky_enabled=&#8220;0&#8243;][\/et_pb_button][\/et_pb_column][\/et_pb_row][\/et_pb_section]<\/p>\n","protected":false},"excerpt":{"rendered":"<p>V\u00fdroba StickBlocku byla ukon\u010dena.StickBlock m\u011bl rozm\u011br 21x21cm a tlou\u0161\u0165ku 2cm.Nov\u00fd produkt Fotoboard m\u00e1 rozm\u011br 15x15cm a tlou\u0161\u0165ku 3mm.Na v\u00fdb\u011br je b\u00edl\u00fd nebo \u010dern\u00fd karton.<\/p>\n","protected":false},"author":1,"featured_media":0,"parent":2244,"menu_order":0,"comment_status":"closed","ping_status":"closed","template":"","meta":{"_et_pb_use_builder":"on","_et_pb_old_content":"","_et_gb_content_width":"","footnotes":""},"class_list":["post-2384","page","type-page","status-publish","hentry"],"yoast_head":"<!-- This site is optimized with the Yoast SEO plugin v27.0 - https:\/\/yoast.com\/product\/yoast-seo-wordpress\/ -->\n<title>StickBlock - blumi.photo<\/title>\n<meta name=\"robots\" content=\"index, follow, max-snippet:-1, max-image-preview:large, max-video-preview:-1\" \/>\n<link rel=\"canonical\" href=\"https:\/\/blumi.photo\/cs\/fotoobrazy\/stickblock\/\" \/>\n<meta property=\"og:locale\" content=\"cs_CZ\" \/>\n<meta property=\"og:type\" content=\"article\" \/>\n<meta property=\"og:title\" content=\"StickBlock - blumi.photo\" \/>\n<meta property=\"og:description\" content=\"V\u00fdroba StickBlocku byla ukon\u010dena.StickBlock m\u011bl rozm\u011br 21x21cm a tlou\u0161\u0165ku 2cm.Nov\u00fd produkt Fotoboard m\u00e1 rozm\u011br 15x15cm a tlou\u0161\u0165ku 3mm.Na v\u00fdb\u011br je b\u00edl\u00fd nebo \u010dern\u00fd karton.\" \/>\n<meta property=\"og:url\" content=\"https:\/\/blumi.photo\/cs\/fotoobrazy\/stickblock\/\" \/>\n<meta property=\"og:site_name\" content=\"blumi.photo\" \/>\n<meta property=\"article:modified_time\" content=\"2025-09-26T08:39:40+00:00\" \/>\n<meta name=\"twitter:card\" content=\"summary_large_image\" \/>\n<meta name=\"twitter:label1\" content=\"Odhadovan\u00e1 doba \u010dten\u00ed\" \/>\n\t<meta name=\"twitter:data1\" content=\"1 minuta\" \/>\n<script type=\"application\/ld+json\" class=\"yoast-schema-graph\">{\"@context\":\"https:\/\/schema.org\",\"@graph\":[{\"@type\":\"WebPage\",\"@id\":\"https:\/\/blumi.photo\/cs\/fotoobrazy\/stickblock\/\",\"url\":\"https:\/\/blumi.photo\/cs\/fotoobrazy\/stickblock\/\",\"name\":\"StickBlock - blumi.photo\",\"isPartOf\":{\"@id\":\"https:\/\/blumi.photo\/cs\/#website\"},\"datePublished\":\"2023-07-11T17:40:36+00:00\",\"dateModified\":\"2025-09-26T08:39:40+00:00\",\"breadcrumb\":{\"@id\":\"https:\/\/blumi.photo\/cs\/fotoobrazy\/stickblock\/#breadcrumb\"},\"inLanguage\":\"cs\",\"potentialAction\":[{\"@type\":\"ReadAction\",\"target\":[\"https:\/\/blumi.photo\/cs\/fotoobrazy\/stickblock\/\"]}]},{\"@type\":\"BreadcrumbList\",\"@id\":\"https:\/\/blumi.photo\/cs\/fotoobrazy\/stickblock\/#breadcrumb\",\"itemListElement\":[{\"@type\":\"ListItem\",\"position\":1,\"name\":\"Home\",\"item\":\"https:\/\/blumi.photo\/cs\/\"},{\"@type\":\"ListItem\",\"position\":2,\"name\":\"Fotoobrazy\",\"item\":\"https:\/\/blumi.photo\/cs\/wall-art\/\"},{\"@type\":\"ListItem\",\"position\":3,\"name\":\"StickBlock\"}]},{\"@type\":\"WebSite\",\"@id\":\"https:\/\/blumi.photo\/cs\/#website\",\"url\":\"https:\/\/blumi.photo\/cs\/\",\"name\":\"blumi.photo\",\"description\":\"Photobook | Canvas | Photocalendar\",\"publisher\":{\"@id\":\"https:\/\/blumi.photo\/cs\/#organization\"},\"potentialAction\":[{\"@type\":\"SearchAction\",\"target\":{\"@type\":\"EntryPoint\",\"urlTemplate\":\"https:\/\/blumi.photo\/cs\/?s={search_term_string}\"},\"query-input\":{\"@type\":\"PropertyValueSpecification\",\"valueRequired\":true,\"valueName\":\"search_term_string\"}}],\"inLanguage\":\"cs\"},{\"@type\":\"Organization\",\"@id\":\"https:\/\/blumi.photo\/cs\/#organization\",\"name\":\"blumi.photo\",\"url\":\"https:\/\/blumi.photo\/cs\/\",\"logo\":{\"@type\":\"ImageObject\",\"inLanguage\":\"cs\",\"@id\":\"https:\/\/blumi.photo\/cs\/#\/schema\/logo\/image\/\",\"url\":\"https:\/\/wwwww.blumi.photo\/wp-content\/uploads\/2023\/07\/Blumi_logo2.png\",\"contentUrl\":\"https:\/\/wwwww.blumi.photo\/wp-content\/uploads\/2023\/07\/Blumi_logo2.png\",\"width\":374,\"height\":144,\"caption\":\"blumi.photo\"},\"image\":{\"@id\":\"https:\/\/blumi.photo\/cs\/#\/schema\/logo\/image\/\"}}]}<\/script>\n<!-- \/ Yoast SEO plugin. -->","yoast_head_json":{"title":"StickBlock - blumi.photo","robots":{"index":"index","follow":"follow","max-snippet":"max-snippet:-1","max-image-preview":"max-image-preview:large","max-video-preview":"max-video-preview:-1"},"canonical":"https:\/\/blumi.photo\/cs\/fotoobrazy\/stickblock\/","og_locale":"cs_CZ","og_type":"article","og_title":"StickBlock - blumi.photo","og_description":"V\u00fdroba StickBlocku byla ukon\u010dena.StickBlock m\u011bl rozm\u011br 21x21cm a tlou\u0161\u0165ku 2cm.Nov\u00fd produkt Fotoboard m\u00e1 rozm\u011br 15x15cm a tlou\u0161\u0165ku 3mm.Na v\u00fdb\u011br je b\u00edl\u00fd nebo \u010dern\u00fd karton.","og_url":"https:\/\/blumi.photo\/cs\/fotoobrazy\/stickblock\/","og_site_name":"blumi.photo","article_modified_time":"2025-09-26T08:39:40+00:00","twitter_card":"summary_large_image","twitter_misc":{"Odhadovan\u00e1 doba \u010dten\u00ed":"1 minuta"},"schema":{"@context":"https:\/\/schema.org","@graph":[{"@type":"WebPage","@id":"https:\/\/blumi.photo\/cs\/fotoobrazy\/stickblock\/","url":"https:\/\/blumi.photo\/cs\/fotoobrazy\/stickblock\/","name":"StickBlock - blumi.photo","isPartOf":{"@id":"https:\/\/blumi.photo\/cs\/#website"},"datePublished":"2023-07-11T17:40:36+00:00","dateModified":"2025-09-26T08:39:40+00:00","breadcrumb":{"@id":"https:\/\/blumi.photo\/cs\/fotoobrazy\/stickblock\/#breadcrumb"},"inLanguage":"cs","potentialAction":[{"@type":"ReadAction","target":["https:\/\/blumi.photo\/cs\/fotoobrazy\/stickblock\/"]}]},{"@type":"BreadcrumbList","@id":"https:\/\/blumi.photo\/cs\/fotoobrazy\/stickblock\/#breadcrumb","itemListElement":[{"@type":"ListItem","position":1,"name":"Home","item":"https:\/\/blumi.photo\/cs\/"},{"@type":"ListItem","position":2,"name":"Fotoobrazy","item":"https:\/\/blumi.photo\/cs\/wall-art\/"},{"@type":"ListItem","position":3,"name":"StickBlock"}]},{"@type":"WebSite","@id":"https:\/\/blumi.photo\/cs\/#website","url":"https:\/\/blumi.photo\/cs\/","name":"blumi.photo","description":"Photobook | Canvas | Photocalendar","publisher":{"@id":"https:\/\/blumi.photo\/cs\/#organization"},"potentialAction":[{"@type":"SearchAction","target":{"@type":"EntryPoint","urlTemplate":"https:\/\/blumi.photo\/cs\/?s={search_term_string}"},"query-input":{"@type":"PropertyValueSpecification","valueRequired":true,"valueName":"search_term_string"}}],"inLanguage":"cs"},{"@type":"Organization","@id":"https:\/\/blumi.photo\/cs\/#organization","name":"blumi.photo","url":"https:\/\/blumi.photo\/cs\/","logo":{"@type":"ImageObject","inLanguage":"cs","@id":"https:\/\/blumi.photo\/cs\/#\/schema\/logo\/image\/","url":"https:\/\/wwwww.blumi.photo\/wp-content\/uploads\/2023\/07\/Blumi_logo2.png","contentUrl":"https:\/\/wwwww.blumi.photo\/wp-content\/uploads\/2023\/07\/Blumi_logo2.png","width":374,"height":144,"caption":"blumi.photo"},"image":{"@id":"https:\/\/blumi.photo\/cs\/#\/schema\/logo\/image\/"}}]}},"_links":{"self":[{"href":"https:\/\/blumi.photo\/cs\/wp-json\/wp\/v2\/pages\/2384","targetHints":{"allow":["GET"]}}],"collection":[{"href":"https:\/\/blumi.photo\/cs\/wp-json\/wp\/v2\/pages"}],"about":[{"href":"https:\/\/blumi.photo\/cs\/wp-json\/wp\/v2\/types\/page"}],"author":[{"embeddable":true,"href":"https:\/\/blumi.photo\/cs\/wp-json\/wp\/v2\/users\/1"}],"replies":[{"embeddable":true,"href":"https:\/\/blumi.photo\/cs\/wp-json\/wp\/v2\/comments?post=2384"}],"version-history":[{"count":6,"href":"https:\/\/blumi.photo\/cs\/wp-json\/wp\/v2\/pages\/2384\/revisions"}],"predecessor-version":[{"id":12490,"href":"https:\/\/blumi.photo\/cs\/wp-json\/wp\/v2\/pages\/2384\/revisions\/12490"}],"up":[{"embeddable":true,"href":"https:\/\/blumi.photo\/cs\/wp-json\/wp\/v2\/pages\/2244"}],"wp:attachment":[{"href":"https:\/\/blumi.photo\/cs\/wp-json\/wp\/v2\/media?parent=2384"}],"curies":[{"name":"wp","href":"https:\/\/api.w.org\/{rel}","templated":true}]}}